{"id":2537,"date":"2024-08-06T13:58:23","date_gmt":"2024-08-06T11:58:23","guid":{"rendered":"https:\/\/hosekra.com\/outlet\/?post_type=product&#038;p=2537"},"modified":"2025-03-21T12:57:41","modified_gmt":"2025-03-21T11:57:41","slug":"prodajni-kontejner-5x3-2","status":"publish","type":"product","link":"https:\/\/hosekra.com\/outlet\/izdelek\/prodajni-kontejner-5x3-2\/","title":{"rendered":"Prodajni Kontejner 5mx3m"},"content":{"rendered":"<p>Antracit bele barve, 2x prodajno okno, 1x vrata, Komplet izoliran, lu\u010d + vti\u010dnica. Mo\u017eno donaro\u010dilo okenskih rolet.<\/p>\n<p>Prodajni kontejner dimenzij 5&#215;3 metra je zasnovan za razli\u010dne prodajne ali poslovne potrebe. Ima dva prodajna okna in ena vrata, kar omogo\u010da enostaven dostop in dobro izpostavljenost izdelkov. Zunanjost kontejnerja je bele barve, notranjost pa je popolnoma izolirana, kar omogo\u010da udobno uporabo skozi vse leto. Vklju\u010dena sta lu\u010d in vti\u010dnica, kar zagotavlja osnovno elektroin\u0161talacijo za pisarni\u0161ke ali prodajne namene. Dodatno je mogo\u010de naro\u010diti okenske rolete za ve\u010djo za\u0161\u010dito in zasebnost.<\/p>\n","protected":false},"excerpt":{"rendered":"<p>Antracit bele barve, 2x prodajno okno, 1x vrata, Komplet izoliran, lu\u010d + vti\u010dnica. Mo\u017eno donaro\u010dilo okenskih rolet. Prodajni kontejner dimenzij 5&#215;3 metra je zasnovan za razli\u010dne prodajne ali poslovne potrebe. Ima dva prodajna okna in ena vrata, kar omogo\u010da enostaven dostop in dobro izpostavljenost izdelkov. Zunanjost kontejnerja je bele barve, notranjost pa je popolnoma izolirana, [&hellip;]<\/p>\n","protected":false},"featured_media":2541,"template":"","meta":{"ngg_post_thumbnail":0,"footnotes":""},"product_brand":[],"product_cat":[16],"product_tag":[],"class_list":{"0":"post-2537","1":"product","2":"type-product","3":"status-publish","4":"has-post-thumbnail","6":"product_cat-kontejnerji","8":"first","9":"instock","10":"sale","11":"virtual","12":"purchasable","13":"product-type-simple"},"_links":{"self":[{"href":"https:\/\/hosekra.com\/outlet\/wp-json\/wp\/v2\/product\/2537","targetHints":{"allow":["GET"]}}],"collection":[{"href":"https:\/\/hosekra.com\/outlet\/wp-json\/wp\/v2\/product"}],"about":[{"href":"https:\/\/hosekra.com\/outlet\/wp-json\/wp\/v2\/types\/product"}],"version-history":[{"count":3,"href":"https:\/\/hosekra.com\/outlet\/wp-json\/wp\/v2\/product\/2537\/revisions"}],"predecessor-version":[{"id":2698,"href":"https:\/\/hosekra.com\/outlet\/wp-json\/wp\/v2\/product\/2537\/revisions\/2698"}],"wp:featuredmedia":[{"embeddable":true,"href":"https:\/\/hosekra.com\/outlet\/wp-json\/wp\/v2\/media\/2541"}],"wp:attachment":[{"href":"https:\/\/hosekra.com\/outlet\/wp-json\/wp\/v2\/media?parent=2537"}],"wp:term":[{"taxonomy":"product_brand","embeddable":true,"href":"https:\/\/hosekra.com\/outlet\/wp-json\/wp\/v2\/product_brand?post=2537"},{"taxonomy":"product_cat","embeddable":true,"href":"https:\/\/hosekra.com\/outlet\/wp-json\/wp\/v2\/product_cat?post=2537"},{"taxonomy":"product_tag","embeddable":true,"href":"https:\/\/hosekra.com\/outlet\/wp-json\/wp\/v2\/product_tag?post=2537"}],"curies":[{"name":"wp","href":"https:\/\/api.w.org\/{rel}","templated":true}]}}