{"id":2563,"date":"2024-08-12T08:09:10","date_gmt":"2024-08-12T06:09:10","guid":{"rendered":"https:\/\/hosekra.com\/outlet\/?post_type=product&#038;p=2563"},"modified":"2025-02-04T10:51:11","modified_gmt":"2025-02-04T09:51:11","slug":"manjsi-kontejner-47x23-2","status":"publish","type":"product","link":"https:\/\/hosekra.com\/outlet\/izdelek\/manjsi-kontejner-47x23-2\/","title":{"rendered":"Manj\u0161i Kontejner 4,7mx2,3m"},"content":{"rendered":"<p>Antracit barve, 2x okno, 1x vrata, komplet izoliran, lu\u010d + vti\u010dnica.<\/p>\n<p>Kontejner dimenzij 4 x 2,3 x 2,3 m je vsestranski prostor, zasnovan za razli\u010dne namene, \u0161e posebej primeren kot pisarni\u0161ki ali skladi\u0161\u010dni prostor. Njegova zunanjost v antracit barvi daje prostoru profesionalen videz, obenem pa okni in vhodna vrata omogo\u010dajo veliko naravne svetlobe. Z odli\u010dno izolacijo poskrbi za prijetno klimo skozi vse leto, oprema z lu\u010djo in vti\u010dnico pa omogo\u010da takoj\u0161njo uporabo. Posebna prednost je izjemna prilagodljivost prostora, saj omogo\u010da raz\u0161iritve in prilagoditve glede na potrebe poslovanja.<\/p>\n","protected":false},"excerpt":{"rendered":"<p>Antracit barve, 2x okno, 1x vrata, komplet izoliran, lu\u010d + vti\u010dnica. Kontejner dimenzij 4 x 2,3 x 2,3 m je vsestranski prostor, zasnovan za razli\u010dne namene, \u0161e posebej primeren kot pisarni\u0161ki ali skladi\u0161\u010dni prostor. Njegova zunanjost v antracit barvi daje prostoru profesionalen videz, obenem pa okni in vhodna vrata omogo\u010dajo veliko naravne svetlobe. Z odli\u010dno [&hellip;]<\/p>\n","protected":false},"featured_media":2565,"template":"","meta":{"ngg_post_thumbnail":0,"footnotes":""},"product_brand":[],"product_cat":[16],"product_tag":[],"class_list":{"0":"post-2563","1":"product","2":"type-product","3":"status-publish","4":"has-post-thumbnail","6":"product_cat-kontejnerji","8":"first","9":"instock","10":"sale","11":"virtual","12":"purchasable","13":"product-type-simple"},"_links":{"self":[{"href":"https:\/\/hosekra.com\/outlet\/wp-json\/wp\/v2\/product\/2563","targetHints":{"allow":["GET"]}}],"collection":[{"href":"https:\/\/hosekra.com\/outlet\/wp-json\/wp\/v2\/product"}],"about":[{"href":"https:\/\/hosekra.com\/outlet\/wp-json\/wp\/v2\/types\/product"}],"version-history":[{"count":3,"href":"https:\/\/hosekra.com\/outlet\/wp-json\/wp\/v2\/product\/2563\/revisions"}],"predecessor-version":[{"id":2695,"href":"https:\/\/hosekra.com\/outlet\/wp-json\/wp\/v2\/product\/2563\/revisions\/2695"}],"wp:featuredmedia":[{"embeddable":true,"href":"https:\/\/hosekra.com\/outlet\/wp-json\/wp\/v2\/media\/2565"}],"wp:attachment":[{"href":"https:\/\/hosekra.com\/outlet\/wp-json\/wp\/v2\/media?parent=2563"}],"wp:term":[{"taxonomy":"product_brand","embeddable":true,"href":"https:\/\/hosekra.com\/outlet\/wp-json\/wp\/v2\/product_brand?post=2563"},{"taxonomy":"product_cat","embeddable":true,"href":"https:\/\/hosekra.com\/outlet\/wp-json\/wp\/v2\/product_cat?post=2563"},{"taxonomy":"product_tag","embeddable":true,"href":"https:\/\/hosekra.com\/outlet\/wp-json\/wp\/v2\/product_tag?post=2563"}],"curies":[{"name":"wp","href":"https:\/\/api.w.org\/{rel}","templated":true}]}}