{"id":2574,"date":"2024-06-07T12:10:09","date_gmt":"2024-06-07T10:10:09","guid":{"rendered":"https:\/\/hosekra.com\/outlet\/?post_type=product&#038;p=2574"},"modified":"2025-03-28T10:08:51","modified_gmt":"2025-03-28T09:08:51","slug":"manjsi-kontejner-47x23-2-klas","status":"publish","type":"product","link":"https:\/\/hosekra.com\/outlet\/izdelek\/manjsi-kontejner-47x23-2-klas\/","title":{"rendered":"Manj\u0161i Kontejner 4,7mx2,3m 2.klas"},"content":{"rendered":"<p>Bele barve, 1x okno, 1x vrata, komplet izoliran, lu\u010d + vti\u010dnica.<\/p>\n<p>kontejner velikosti 4 x 2,3 x 2,3 m je odli\u010dna izbira za podjetja in posameznike, ki potrebujejo manj\u0161e prilagodljiv prostor za poslovne ali osebne namene. S svojim sodobnim izgledom \u2013 bela zunanjost z dekorativnimi obrobami \u2013 in z naravno osvetlitvijo je zasnovan za prijetno delovno okolje. Popolnoma izoliran, nudi primerno temperaturo v vseh sezonah, kar omogo\u010da dolgotrajno uporabo. Poleg estetskega videza omogo\u010da ta kontejner mo\u017enost notranje prilagoditve s pohi\u0161tvom in predelnimi stenami, kar zagotavlja maksimalno izrabo prostora.<\/p>\n","protected":false},"excerpt":{"rendered":"<p>Bele barve, 1x okno, 1x vrata, komplet izoliran, lu\u010d + vti\u010dnica. kontejner velikosti 4 x 2,3 x 2,3 m je odli\u010dna izbira za podjetja in posameznike, ki potrebujejo manj\u0161e prilagodljiv prostor za poslovne ali osebne namene. S svojim sodobnim izgledom \u2013 bela zunanjost z dekorativnimi obrobami \u2013 in z naravno osvetlitvijo je zasnovan za prijetno [&hellip;]<\/p>\n","protected":false},"featured_media":2578,"template":"","meta":{"ngg_post_thumbnail":0,"footnotes":""},"product_brand":[],"product_cat":[16],"product_tag":[],"class_list":{"0":"post-2574","1":"product","2":"type-product","3":"status-publish","4":"has-post-thumbnail","6":"product_cat-kontejnerji","8":"first","9":"instock","10":"sale","11":"virtual","12":"purchasable","13":"product-type-simple"},"_links":{"self":[{"href":"https:\/\/hosekra.com\/outlet\/wp-json\/wp\/v2\/product\/2574","targetHints":{"allow":["GET"]}}],"collection":[{"href":"https:\/\/hosekra.com\/outlet\/wp-json\/wp\/v2\/product"}],"about":[{"href":"https:\/\/hosekra.com\/outlet\/wp-json\/wp\/v2\/types\/product"}],"version-history":[{"count":3,"href":"https:\/\/hosekra.com\/outlet\/wp-json\/wp\/v2\/product\/2574\/revisions"}],"predecessor-version":[{"id":2683,"href":"https:\/\/hosekra.com\/outlet\/wp-json\/wp\/v2\/product\/2574\/revisions\/2683"}],"wp:featuredmedia":[{"embeddable":true,"href":"https:\/\/hosekra.com\/outlet\/wp-json\/wp\/v2\/media\/2578"}],"wp:attachment":[{"href":"https:\/\/hosekra.com\/outlet\/wp-json\/wp\/v2\/media?parent=2574"}],"wp:term":[{"taxonomy":"product_brand","embeddable":true,"href":"https:\/\/hosekra.com\/outlet\/wp-json\/wp\/v2\/product_brand?post=2574"},{"taxonomy":"product_cat","embeddable":true,"href":"https:\/\/hosekra.com\/outlet\/wp-json\/wp\/v2\/product_cat?post=2574"},{"taxonomy":"product_tag","embeddable":true,"href":"https:\/\/hosekra.com\/outlet\/wp-json\/wp\/v2\/product_tag?post=2574"}],"curies":[{"name":"wp","href":"https:\/\/api.w.org\/{rel}","templated":true}]}}