{"id":2604,"date":"2024-11-08T11:23:23","date_gmt":"2024-11-08T10:23:23","guid":{"rendered":"https:\/\/hosekra.com\/outlet\/?post_type=product&#038;p=2604"},"modified":"2024-11-08T11:26:38","modified_gmt":"2024-11-08T10:26:38","slug":"eko-zascita-za-instalacijo","status":"publish","type":"product","link":"https:\/\/hosekra.com\/outlet\/izdelek\/eko-zascita-za-instalacijo\/","title":{"rendered":"Eko za\u0161\u010dita za in\u0161talacijo &#8211; stari vzorci"},"content":{"rendered":"<p>Kovinska za\u0161\u010dita za vso in\u0161talacijo pri mobilni hi\u0161ki.<\/p>\n","protected":false},"excerpt":{"rendered":"<p>Kovinska za\u0161\u010dita za vso in\u0161talacijo pri mobilni hi\u0161ki.<\/p>\n","protected":false},"featured_media":2599,"template":"","meta":{"ngg_post_thumbnail":0,"footnotes":""},"product_brand":[],"product_cat":[17],"product_tag":[],"class_list":{"0":"post-2604","1":"product","2":"type-product","3":"status-publish","4":"has-post-thumbnail","6":"product_cat-mobilne-hiske","8":"first","9":"instock","10":"sale","11":"shipping-taxable","12":"purchasable","13":"product-type-simple"},"_links":{"self":[{"href":"https:\/\/hosekra.com\/outlet\/wp-json\/wp\/v2\/product\/2604","targetHints":{"allow":["GET"]}}],"collection":[{"href":"https:\/\/hosekra.com\/outlet\/wp-json\/wp\/v2\/product"}],"about":[{"href":"https:\/\/hosekra.com\/outlet\/wp-json\/wp\/v2\/types\/product"}],"version-history":[{"count":2,"href":"https:\/\/hosekra.com\/outlet\/wp-json\/wp\/v2\/product\/2604\/revisions"}],"predecessor-version":[{"id":2610,"href":"https:\/\/hosekra.com\/outlet\/wp-json\/wp\/v2\/product\/2604\/revisions\/2610"}],"wp:featuredmedia":[{"embeddable":true,"href":"https:\/\/hosekra.com\/outlet\/wp-json\/wp\/v2\/media\/2599"}],"wp:attachment":[{"href":"https:\/\/hosekra.com\/outlet\/wp-json\/wp\/v2\/media?parent=2604"}],"wp:term":[{"taxonomy":"product_brand","embeddable":true,"href":"https:\/\/hosekra.com\/outlet\/wp-json\/wp\/v2\/product_brand?post=2604"},{"taxonomy":"product_cat","embeddable":true,"href":"https:\/\/hosekra.com\/outlet\/wp-json\/wp\/v2\/product_cat?post=2604"},{"taxonomy":"product_tag","embeddable":true,"href":"https:\/\/hosekra.com\/outlet\/wp-json\/wp\/v2\/product_tag?post=2604"}],"curies":[{"name":"wp","href":"https:\/\/api.w.org\/{rel}","templated":true}]}}