{"id":262,"date":"2023-11-15T19:18:53","date_gmt":"2023-11-15T18:18:53","guid":{"rendered":"https:\/\/hosekra.com\/outlet\/?post_type=product&#038;p=262"},"modified":"2024-04-10T13:15:29","modified_gmt":"2024-04-10T11:15:29","slug":"kontejner-48x23","status":"publish","type":"product","link":"https:\/\/hosekra.com\/outlet\/izdelek\/kontejner-48x23\/","title":{"rendered":"Kontejner 4,8&#215;2,3"},"content":{"rendered":"<p>Komplet antracit barva, Antracit elektri_na roleta, Komplet izoliran, ve\u010d lu\u010di in vti\u010dnic<\/p>\n","protected":false},"excerpt":{"rendered":"<p>Komplet antracit barva, Antracit elektri_na roleta, Komplet izoliran, ve\u010d lu\u010di in vti\u010dnic<\/p>\n","protected":false},"featured_media":166,"template":"","meta":{"ngg_post_thumbnail":0,"footnotes":""},"product_brand":[],"product_cat":[16],"product_tag":[40],"class_list":{"0":"post-262","1":"product","2":"type-product","3":"status-publish","4":"has-post-thumbnail","6":"product_cat-kontejnerji","7":"product_tag-k10","9":"first","10":"instock","11":"sale","12":"virtual","13":"purchasable","14":"product-type-simple"},"_links":{"self":[{"href":"https:\/\/hosekra.com\/outlet\/wp-json\/wp\/v2\/product\/262","targetHints":{"allow":["GET"]}}],"collection":[{"href":"https:\/\/hosekra.com\/outlet\/wp-json\/wp\/v2\/product"}],"about":[{"href":"https:\/\/hosekra.com\/outlet\/wp-json\/wp\/v2\/types\/product"}],"version-history":[{"count":0,"href":"https:\/\/hosekra.com\/outlet\/wp-json\/wp\/v2\/product\/262\/revisions"}],"wp:featuredmedia":[{"embeddable":true,"href":"https:\/\/hosekra.com\/outlet\/wp-json\/wp\/v2\/media\/166"}],"wp:attachment":[{"href":"https:\/\/hosekra.com\/outlet\/wp-json\/wp\/v2\/media?parent=262"}],"wp:term":[{"taxonomy":"product_brand","embeddable":true,"href":"https:\/\/hosekra.com\/outlet\/wp-json\/wp\/v2\/product_brand?post=262"},{"taxonomy":"product_cat","embeddable":true,"href":"https:\/\/hosekra.com\/outlet\/wp-json\/wp\/v2\/product_cat?post=262"},{"taxonomy":"product_tag","embeddable":true,"href":"https:\/\/hosekra.com\/outlet\/wp-json\/wp\/v2\/product_tag?post=262"}],"curies":[{"name":"wp","href":"https:\/\/api.w.org\/{rel}","templated":true}]}}