{"id":2641,"date":"2024-05-12T11:21:30","date_gmt":"2024-05-12T09:21:30","guid":{"rendered":"https:\/\/hosekra.com\/outlet\/?post_type=product&#038;p=2641"},"modified":"2025-02-04T09:22:14","modified_gmt":"2025-02-04T08:22:14","slug":"mobilna-hiska-eko-panorama-3","status":"publish","type":"product","link":"https:\/\/hosekra.com\/outlet\/izdelek\/mobilna-hiska-eko-panorama-3\/","title":{"rendered":"Celoletno bivanje z HOSEKRA PANORAMO (3x8m)"},"content":{"rendered":"<p>V na\u0161i OUTLET ponudbi je zdaj na voljo mobilna hi\u0161ica HOSEKRA PANORAMA\u00a0 (3\u00d78 m) Z 10 CM IZOLACIJO &#8211; PRIMERNA ZA CELOLETNO BIVANJE! Na voljo je kar z 10 % popustom!<\/p>\n<p>Redna cena: 16.380,00\u00a0 \u20ac + DDV, cena z upo\u0161tevanim popustom: 14.742,00\u00a0 \u20ac\u00a0+\u00a0DDV!<\/p>\n<p><span data-teams=\"true\"><span class=\"ui-provider a b c d e f g h i j k l m n o p q r s t u v w x y z ab ac ae af ag ah ai aj ak\" dir=\"ltr\">Cena je za hi\u0161ico Z VSO OPREMO (kopalnica, kuhinja, dnevni prostor in 2 spalnici). <\/span><\/span><\/p>\n<p><span data-teams=\"true\"><span class=\"ui-provider a b c d e f g h i j k l m n o p q r s t u v w x y z ab ac ae af ag ah ai aj ak\" dir=\"ltr\">Dodatno je mo\u017eno naro\u010diti tudi teraso, cena terase 3x8m je 1890,00 \u20ac \u00a0+ DDV.<\/span><\/span><\/p>\n<p>Uredimo vam lahko celotno postavitev hi\u0161ice, torej organiziramo prevoz, postavitev, ter postavitev terase, cena je odvisna od lokacije.<br \/>\nZa naro\u010dilo VA\u0160E nove HOSEKRA hi\u0161ice, TER ZA MOREBITNA VPRA\u0160ANJA smo vam na voljo na mail:<\/p>\n<p>homes@hosekra.si ali na telefonski \u0161tevilki: 02 80 55 121 in 030 315 430.<\/p>\n","protected":false},"excerpt":{"rendered":"<p>Mobilna Hi\u0161ica EKO PANORAMA (3x8m) na voljo takoj.<\/p>\n","protected":false},"featured_media":2644,"template":"","meta":{"ngg_post_thumbnail":0,"footnotes":""},"product_brand":[],"product_cat":[17],"product_tag":[],"class_list":{"0":"post-2641","1":"product","2":"type-product","3":"status-publish","4":"has-post-thumbnail","6":"product_cat-mobilne-hiske","8":"first","9":"instock","10":"sale","11":"virtual","12":"purchasable","13":"product-type-simple"},"_links":{"self":[{"href":"https:\/\/hosekra.com\/outlet\/wp-json\/wp\/v2\/product\/2641","targetHints":{"allow":["GET"]}}],"collection":[{"href":"https:\/\/hosekra.com\/outlet\/wp-json\/wp\/v2\/product"}],"about":[{"href":"https:\/\/hosekra.com\/outlet\/wp-json\/wp\/v2\/types\/product"}],"version-history":[{"count":8,"href":"https:\/\/hosekra.com\/outlet\/wp-json\/wp\/v2\/product\/2641\/revisions"}],"predecessor-version":[{"id":2837,"href":"https:\/\/hosekra.com\/outlet\/wp-json\/wp\/v2\/product\/2641\/revisions\/2837"}],"wp:featuredmedia":[{"embeddable":true,"href":"https:\/\/hosekra.com\/outlet\/wp-json\/wp\/v2\/media\/2644"}],"wp:attachment":[{"href":"https:\/\/hosekra.com\/outlet\/wp-json\/wp\/v2\/media?parent=2641"}],"wp:term":[{"taxonomy":"product_brand","embeddable":true,"href":"https:\/\/hosekra.com\/outlet\/wp-json\/wp\/v2\/product_brand?post=2641"},{"taxonomy":"product_cat","embeddable":true,"href":"https:\/\/hosekra.com\/outlet\/wp-json\/wp\/v2\/product_cat?post=2641"},{"taxonomy":"product_tag","embeddable":true,"href":"https:\/\/hosekra.com\/outlet\/wp-json\/wp\/v2\/product_tag?post=2641"}],"curies":[{"name":"wp","href":"https:\/\/api.w.org\/{rel}","templated":true}]}}