{"id":2763,"date":"2024-09-21T12:36:11","date_gmt":"2024-09-21T10:36:11","guid":{"rendered":"https:\/\/hosekra.com\/outlet\/?post_type=product&#038;p=2763"},"modified":"2024-12-19T12:52:44","modified_gmt":"2024-12-19T11:52:44","slug":"eko-hiska-3-x-8-delux-2","status":"publish","type":"product","link":"https:\/\/hosekra.com\/outlet\/izdelek\/eko-hiska-3-x-8-delux-2\/","title":{"rendered":"ZADNJI OUTLET 2024: Mobilna Hi\u0161ka EKO (3X8 m) ZNI\u017dANA!"},"content":{"rendered":"<p>Izkoristite na\u0161o posebno outlet ponudbo in si zagotovite svojo sanjsko mobilno hi\u0161ico HOSEKRA EKO, ki vklju\u010duje tudi \u010dudovito leseno dekoracijo za poseben videz! Ogled je mo\u017een na na\u0161em sede\u017eu v Slovenski Bistrici.<\/p>\n<p>Hi\u0161ica HOSEKRA EKO DELUX\u00a0 (3x8m)<br \/>\nCena je za hi\u0161ico Z VSO OPREMO (kopalnica, kuhinja, dnevni prostor in 2 spalnici) BREZ ddv-ja. Dodatno je mo\u017eno naro\u010diti tudi teraso.<\/p>\n<p>Uredimo vam lahko celotno postavitev hi\u0161ice, torej organiziramo prevoz, postavitev, ter postavitev terase, cena je odvisna od lokacije.<\/p>\n<p>Za naro\u010dilo VA\u0160E nove HOSEKRA hi\u0161ice, TER ZA MOREBITNA VPRA\u0160ANJA smo vam na voljo na mail:<br \/>\nhomes@hosekra.si ali na telefonski \u0161tevilki: 02 80 55 121 in 030 315 430.<\/p>\n","protected":false},"excerpt":{"rendered":"<p>Hi\u0161ka ima popolnoma opremljeno kopalnico, kuhinjo, dnevno sobo, ter 2 spalnici \u2013 v ceno je vklju\u010deno vse kar je vidno na slikah.<\/p>\n","protected":false},"featured_media":2766,"template":"","meta":{"ngg_post_thumbnail":0,"footnotes":""},"product_brand":[],"product_cat":[17],"product_tag":[],"class_list":{"0":"post-2763","1":"product","2":"type-product","3":"status-publish","4":"has-post-thumbnail","6":"product_cat-mobilne-hiske","8":"first","9":"instock","10":"sale","11":"virtual","12":"purchasable","13":"product-type-simple"},"_links":{"self":[{"href":"https:\/\/hosekra.com\/outlet\/wp-json\/wp\/v2\/product\/2763","targetHints":{"allow":["GET"]}}],"collection":[{"href":"https:\/\/hosekra.com\/outlet\/wp-json\/wp\/v2\/product"}],"about":[{"href":"https:\/\/hosekra.com\/outlet\/wp-json\/wp\/v2\/types\/product"}],"version-history":[{"count":5,"href":"https:\/\/hosekra.com\/outlet\/wp-json\/wp\/v2\/product\/2763\/revisions"}],"predecessor-version":[{"id":2780,"href":"https:\/\/hosekra.com\/outlet\/wp-json\/wp\/v2\/product\/2763\/revisions\/2780"}],"wp:featuredmedia":[{"embeddable":true,"href":"https:\/\/hosekra.com\/outlet\/wp-json\/wp\/v2\/media\/2766"}],"wp:attachment":[{"href":"https:\/\/hosekra.com\/outlet\/wp-json\/wp\/v2\/media?parent=2763"}],"wp:term":[{"taxonomy":"product_brand","embeddable":true,"href":"https:\/\/hosekra.com\/outlet\/wp-json\/wp\/v2\/product_brand?post=2763"},{"taxonomy":"product_cat","embeddable":true,"href":"https:\/\/hosekra.com\/outlet\/wp-json\/wp\/v2\/product_cat?post=2763"},{"taxonomy":"product_tag","embeddable":true,"href":"https:\/\/hosekra.com\/outlet\/wp-json\/wp\/v2\/product_tag?post=2763"}],"curies":[{"name":"wp","href":"https:\/\/api.w.org\/{rel}","templated":true}]}}