{"id":2923,"date":"2024-05-10T08:46:39","date_gmt":"2024-05-10T06:46:39","guid":{"rendered":"https:\/\/hosekra.com\/outlet\/?post_type=product&#038;p=2923"},"modified":"2025-04-10T12:28:59","modified_gmt":"2025-04-10T10:28:59","slug":"eko-hiska-3-x-8m-s-kovinsko-fasado-2","status":"publish","type":"product","link":"https:\/\/hosekra.com\/outlet\/izdelek\/eko-hiska-3-x-8m-s-kovinsko-fasado-2\/","title":{"rendered":"Eko hi\u0161ka 3 x 8m s kovinsko fasado"},"content":{"rendered":"<p>EKO HI\u0160KA 3x8m \u2013 ZNI\u017dANA IN NA VOLJO TAKOJ!<\/p>\n<p>Redna cena: 14.390,00 \u20ac + 22% DDV. Cena s popustom: le 13.930,00 EUR + 22% DDV. Izkoristite to izjemno prilo\u017enost in prihranite!<br \/>\nOgled je mo\u017een na na\u0161em sede\u017eu v Slovenski Bistrici.<\/p>\n<p>Hi\u0161ica EKO HI\u0160KA (3x8m) je lahko va\u0161a \u017ee za 13.930,00 EUR + 22% DDV.<br \/>\nCena je za hi\u0161ico Z VSO OPREMO (kopalnica, kuhinja, dnevni prostor in 2 spalnici). Dodatno je mo\u017eno naro\u010diti tudi teraso, cena terase 3x8m je 1.890,00 + 22% DDV.<\/p>\n<p>Uredimo vam lahko celotno postavitev hi\u0161ice, torej organiziramo prevoz, postavitev, ter postavitev terase, cena je odvisna od lokacije.<\/p>\n","protected":false},"excerpt":{"rendered":"<p>EKO HI\u0160KA 3x8m \u2013 ZNI\u017dANA IN NA VOLJO TAKOJ! Redna cena: 14.390,00 \u20ac + 22% DDV. Cena s popustom: le 13.930,00 EUR + 22% DDV. Izkoristite to izjemno prilo\u017enost in prihranite! Ogled je mo\u017een na na\u0161em sede\u017eu v Slovenski Bistrici. Hi\u0161ica EKO HI\u0160KA (3x8m) je lahko va\u0161a \u017ee za 13.930,00 EUR + 22% DDV. Cena [&hellip;]<\/p>\n","protected":false},"featured_media":2936,"template":"","meta":{"ngg_post_thumbnail":0,"footnotes":""},"product_brand":[],"product_cat":[17],"product_tag":[],"class_list":{"0":"post-2923","1":"product","2":"type-product","3":"status-publish","4":"has-post-thumbnail","6":"product_cat-mobilne-hiske","8":"first","9":"instock","10":"sale","11":"virtual","12":"purchasable","13":"product-type-simple"},"_links":{"self":[{"href":"https:\/\/hosekra.com\/outlet\/wp-json\/wp\/v2\/product\/2923","targetHints":{"allow":["GET"]}}],"collection":[{"href":"https:\/\/hosekra.com\/outlet\/wp-json\/wp\/v2\/product"}],"about":[{"href":"https:\/\/hosekra.com\/outlet\/wp-json\/wp\/v2\/types\/product"}],"version-history":[{"count":3,"href":"https:\/\/hosekra.com\/outlet\/wp-json\/wp\/v2\/product\/2923\/revisions"}],"predecessor-version":[{"id":2965,"href":"https:\/\/hosekra.com\/outlet\/wp-json\/wp\/v2\/product\/2923\/revisions\/2965"}],"wp:featuredmedia":[{"embeddable":true,"href":"https:\/\/hosekra.com\/outlet\/wp-json\/wp\/v2\/media\/2936"}],"wp:attachment":[{"href":"https:\/\/hosekra.com\/outlet\/wp-json\/wp\/v2\/media?parent=2923"}],"wp:term":[{"taxonomy":"product_brand","embeddable":true,"href":"https:\/\/hosekra.com\/outlet\/wp-json\/wp\/v2\/product_brand?post=2923"},{"taxonomy":"product_cat","embeddable":true,"href":"https:\/\/hosekra.com\/outlet\/wp-json\/wp\/v2\/product_cat?post=2923"},{"taxonomy":"product_tag","embeddable":true,"href":"https:\/\/hosekra.com\/outlet\/wp-json\/wp\/v2\/product_tag?post=2923"}],"curies":[{"name":"wp","href":"https:\/\/api.w.org\/{rel}","templated":true}]}}