{"id":3106,"date":"2024-06-21T13:12:48","date_gmt":"2024-06-21T11:12:48","guid":{"rendered":"https:\/\/hosekra.com\/outlet\/?post_type=product&#038;p=3106"},"modified":"2025-04-24T11:43:43","modified_gmt":"2025-04-24T09:43:43","slug":"kontejner-pisarna-6x23mx28m-povisan-2","status":"publish","type":"product","link":"https:\/\/hosekra.com\/outlet\/izdelek\/kontejner-pisarna-6x23mx28m-povisan-2\/","title":{"rendered":"Kontejner pisarna 6&#215;2,3mx2,8m povi\u0161an"},"content":{"rendered":"<p>Kontejner bele barve, 2x panoramsko okno, steklena vrata, komplet izoliran, lu\u010d + vti\u010dnica, vi\u0161ina kontejnerja 2,8m. Notranjost vklju\u010duje leseno dekoracijo, ki je bila uporabljena za slovensko hi\u0161o na olimpijskih igrah v Parizu.<\/p>\n<p>Ta kontejner, dimenzij 6 x 2,3 x 2,8 metra, je prakti\u010den in prilagodljiv prostor, ki je primeren za razli\u010dne namene, predvsem pa se odli\u010dno obnese kot pisarna.<\/p>\n<p>Kontejner je popolnoma izoliran, kar zagotavlja primerno temperaturo v vseh letnih \u010dasih, tako poleti kot pozimi. V notranjosti je \u017ee name\u0161\u010dena lu\u010d in vti\u010dnica, kar omogo\u010da takoj\u0161njo uporabo za osnovne potrebe po elektri\u010dni energiji, kot so ra\u010dunalnik, pisarni\u0161ka oprema ali dodatna razsvetljava.<\/p>\n<p>Ena od glavnih prednosti tega kontejnerja je njegova prilagodljivost. Enoto lahko po potrebi preuredite ali ji dodate dodatne module, s \u010dimer ustvarite ve\u010dji prostor, ki se lahko uporabi za razli\u010dne namene \u2013 od ve\u010djih pisarni\u0161kih prostorov, skladi\u0161\u010da, pa do manj\u0161ih delovnih prostorov za razli\u010dne dejavnosti. Prav tako je mogo\u010de notranjost prilagoditi s pohi\u0161tvom, predelnimi stenami ali drugimi elementi, da se ustvari bolj funkcionalen in prilagojen prostor, ki ustreza specifi\u010dnim potrebam uporabnika.<\/p>\n<p>S svojo premi\u0161ljeno zasnovo, izolacijo in mo\u017enostjo nadgradnje je ta kontejner odli\u010dna izbira za vse, ki i\u0161\u010dejo cenovno dostopen in fleksibilen prostor za delo ali shranjevanje.<\/p>\n","protected":false},"excerpt":{"rendered":"<p>Kontejner bele barve, 2x panoramsko okno, steklena vrata, komplet izoliran, lu\u010d + vti\u010dnica, vi\u0161ina kontejnerja 2,8m. Notranjost vklju\u010duje leseno dekoracijo, ki je bila uporabljena za slovensko hi\u0161o na olimpijskih igrah v Parizu. Ta kontejner, dimenzij 6 x 2,3 x 2,8 metra, je prakti\u010den in prilagodljiv prostor, ki je primeren za razli\u010dne namene, predvsem pa se [&hellip;]<\/p>\n","protected":false},"featured_media":2884,"template":"","meta":{"ngg_post_thumbnail":0,"footnotes":""},"product_brand":[],"product_cat":[16],"product_tag":[],"class_list":{"0":"post-3106","1":"product","2":"type-product","3":"status-publish","4":"has-post-thumbnail","6":"product_cat-kontejnerji","8":"first","9":"instock","10":"sale","11":"virtual","12":"purchasable","13":"product-type-simple"},"_links":{"self":[{"href":"https:\/\/hosekra.com\/outlet\/wp-json\/wp\/v2\/product\/3106","targetHints":{"allow":["GET"]}}],"collection":[{"href":"https:\/\/hosekra.com\/outlet\/wp-json\/wp\/v2\/product"}],"about":[{"href":"https:\/\/hosekra.com\/outlet\/wp-json\/wp\/v2\/types\/product"}],"version-history":[{"count":1,"href":"https:\/\/hosekra.com\/outlet\/wp-json\/wp\/v2\/product\/3106\/revisions"}],"predecessor-version":[{"id":3108,"href":"https:\/\/hosekra.com\/outlet\/wp-json\/wp\/v2\/product\/3106\/revisions\/3108"}],"wp:featuredmedia":[{"embeddable":true,"href":"https:\/\/hosekra.com\/outlet\/wp-json\/wp\/v2\/media\/2884"}],"wp:attachment":[{"href":"https:\/\/hosekra.com\/outlet\/wp-json\/wp\/v2\/media?parent=3106"}],"wp:term":[{"taxonomy":"product_brand","embeddable":true,"href":"https:\/\/hosekra.com\/outlet\/wp-json\/wp\/v2\/product_brand?post=3106"},{"taxonomy":"product_cat","embeddable":true,"href":"https:\/\/hosekra.com\/outlet\/wp-json\/wp\/v2\/product_cat?post=3106"},{"taxonomy":"product_tag","embeddable":true,"href":"https:\/\/hosekra.com\/outlet\/wp-json\/wp\/v2\/product_tag?post=3106"}],"curies":[{"name":"wp","href":"https:\/\/api.w.org\/{rel}","templated":true}]}}