{"id":3174,"date":"2024-08-02T14:40:34","date_gmt":"2024-08-02T12:40:34","guid":{"rendered":"https:\/\/hosekra.com\/outlet\/?post_type=product&#038;p=3174"},"modified":"2025-04-24T11:46:04","modified_gmt":"2025-04-24T09:46:04","slug":"pisarna-monarch","status":"publish","type":"product","link":"https:\/\/hosekra.com\/outlet\/izdelek\/pisarna-monarch\/","title":{"rendered":"Mobilna Pisarna Monarch &#8211; Kontejner 6 x 3 x 2,8 m"},"content":{"rendered":"<p>Odkrijte presti\u017e pisarni\u0161kega kontejnerja MONARCH \u2013 popolno re\u0161itev za vse, ki cenite vrhunski dizajn, udobje in funkcionalnost. Dimenzije 6 x 3 x 2,8 m. <\/p>\n<p>Elegantna zunanjost s kovinsko fasado v imitaciji macesna in panoramska steklena stena ustvarjata moderen in odprt ambient. Notranjost je dovr\u0161eno opremljena s skrbno izbranimi kosi, ki zdru\u017eujejo profesionalnost in doma\u010dnost. Kombinacija toplega lesa in antracit kovine pa prostoru doda brez\u010dasno prefinjenost. V ceni je celotni opremljen prostor, pripravljen na takoj\u0161njo uporabo.<\/p>\n<p>Pisarna MONARCH je presti\u017ena in elegantna delovna re\u0161itev, zasnovana za posameznike, ki cenijo brez\u010dasni dizajn in vrhunsko estetiko. Zdru\u017euje funkcionalnost s kakovostnimi materiali, kot so \u010drni marmor, tople lesene obloge in umetni\u0161ki dodatki, kar ustvarja okolje za produktivno in samozavestno delo.<\/p>\n<p>Za morebitna vpra\u0161anja smo vam na voljo:<br \/>\nGSM: 040 427 292<br \/>\nGSM:031 644 465<br \/>\nE-po\u0161ta:bojana.zivko@hosekra.si<br \/>\nE-po\u0161ta:uros.justinek@hosekra.si<\/p>\n","protected":false},"excerpt":{"rendered":"<p>Odkrijte presti\u017e pisarni\u0161kega kontejnerja MONARCH \u2013 popolno re\u0161itev za vse, ki cenite vrhunski dizajn, udobje in funkcionalnost. Dimenzije 6 x 3 x 2,8 m. Elegantna zunanjost s kovinsko fasado v imitaciji macesna in panoramska steklena stena ustvarjata moderen in odprt ambient. Notranjost je dovr\u0161eno opremljena s skrbno izbranimi kosi, ki zdru\u017eujejo profesionalnost in doma\u010dnost. Kombinacija [&hellip;]<\/p>\n","protected":false},"featured_media":3185,"template":"","meta":{"ngg_post_thumbnail":0,"footnotes":""},"product_brand":[],"product_cat":[16],"product_tag":[],"class_list":{"0":"post-3174","1":"product","2":"type-product","3":"status-publish","4":"has-post-thumbnail","6":"product_cat-kontejnerji","8":"first","9":"instock","10":"sale","11":"virtual","12":"purchasable","13":"product-type-simple"},"_links":{"self":[{"href":"https:\/\/hosekra.com\/outlet\/wp-json\/wp\/v2\/product\/3174","targetHints":{"allow":["GET"]}}],"collection":[{"href":"https:\/\/hosekra.com\/outlet\/wp-json\/wp\/v2\/product"}],"about":[{"href":"https:\/\/hosekra.com\/outlet\/wp-json\/wp\/v2\/types\/product"}],"version-history":[{"count":6,"href":"https:\/\/hosekra.com\/outlet\/wp-json\/wp\/v2\/product\/3174\/revisions"}],"predecessor-version":[{"id":3198,"href":"https:\/\/hosekra.com\/outlet\/wp-json\/wp\/v2\/product\/3174\/revisions\/3198"}],"wp:featuredmedia":[{"embeddable":true,"href":"https:\/\/hosekra.com\/outlet\/wp-json\/wp\/v2\/media\/3185"}],"wp:attachment":[{"href":"https:\/\/hosekra.com\/outlet\/wp-json\/wp\/v2\/media?parent=3174"}],"wp:term":[{"taxonomy":"product_brand","embeddable":true,"href":"https:\/\/hosekra.com\/outlet\/wp-json\/wp\/v2\/product_brand?post=3174"},{"taxonomy":"product_cat","embeddable":true,"href":"https:\/\/hosekra.com\/outlet\/wp-json\/wp\/v2\/product_cat?post=3174"},{"taxonomy":"product_tag","embeddable":true,"href":"https:\/\/hosekra.com\/outlet\/wp-json\/wp\/v2\/product_tag?post=3174"}],"curies":[{"name":"wp","href":"https:\/\/api.w.org\/{rel}","templated":true}]}}