{"id":3204,"date":"2024-09-13T08:50:14","date_gmt":"2024-09-13T06:50:14","guid":{"rendered":"https:\/\/hosekra.com\/outlet\/?post_type=product&#038;p=3204"},"modified":"2026-02-12T11:42:22","modified_gmt":"2026-02-12T10:42:22","slug":"sanitarni-kontejner","status":"publish","type":"product","link":"https:\/\/hosekra.com\/outlet\/izdelek\/sanitarni-kontejner\/","title":{"rendered":"Sanitarni kontejner 6&#215;2,3m"},"content":{"rendered":"<p>Sanitarni kontjner antracit barve, komplet izoliran in opremljem z lo\u010denim mo\u0161kim in \u017eenksim delom.<\/p>\n<p>2 x pisoar<br \/>\n3 x WC \u0161koljka<br \/>\n2 x kopalnica lo\u010dena<\/p>\n<p>WC kontejner dimenzij 6&#215;2,3 metra je odli\u010dna re\u0161itev za zagotavljanje higieni\u010dnih strani\u0161\u010dnih prostorov na gradbi\u0161\u010dih, prireditvah ali drugih lokacijah z visoko frekvenco obiskovalcev. Ima lo\u010dene prostore za mo\u0161ke in \u017eenske ter zlo\u017eljiva vrata za enostaven dostop. Zaradi dobre izolacije je primeren za uporabo skozi vse leto.<\/p>\n<p>Hitro postavitev in mo\u017enost prilagoditve potrebam uporabnikov, saj je zasnova modularna in omogo\u010da hitro monta\u017eo.<\/p>\n","protected":false},"excerpt":{"rendered":"<p>Sanitarni kontjner antracit barve, komplet izoliran in opremljem z lo\u010denim mo\u0161kim in \u017eenksim delom. 2 x pisoar 3 x WC \u0161koljka 2 x kopalnica lo\u010dena WC kontejner dimenzij 6&#215;2,3 metra je odli\u010dna re\u0161itev za zagotavljanje higieni\u010dnih strani\u0161\u010dnih prostorov na gradbi\u0161\u010dih, prireditvah ali drugih lokacijah z visoko frekvenco obiskovalcev. Ima lo\u010dene prostore za mo\u0161ke in \u017eenske [&hellip;]<\/p>\n","protected":false},"featured_media":3218,"template":"","meta":{"ngg_post_thumbnail":0,"footnotes":""},"product_brand":[],"product_cat":[16],"product_tag":[],"class_list":{"0":"post-3204","1":"product","2":"type-product","3":"status-publish","4":"has-post-thumbnail","6":"product_cat-kontejnerji","8":"first","9":"onbackorder","10":"shipping-taxable","11":"product-type-simple"},"_links":{"self":[{"href":"https:\/\/hosekra.com\/outlet\/wp-json\/wp\/v2\/product\/3204","targetHints":{"allow":["GET"]}}],"collection":[{"href":"https:\/\/hosekra.com\/outlet\/wp-json\/wp\/v2\/product"}],"about":[{"href":"https:\/\/hosekra.com\/outlet\/wp-json\/wp\/v2\/types\/product"}],"version-history":[{"count":3,"href":"https:\/\/hosekra.com\/outlet\/wp-json\/wp\/v2\/product\/3204\/revisions"}],"predecessor-version":[{"id":3215,"href":"https:\/\/hosekra.com\/outlet\/wp-json\/wp\/v2\/product\/3204\/revisions\/3215"}],"wp:featuredmedia":[{"embeddable":true,"href":"https:\/\/hosekra.com\/outlet\/wp-json\/wp\/v2\/media\/3218"}],"wp:attachment":[{"href":"https:\/\/hosekra.com\/outlet\/wp-json\/wp\/v2\/media?parent=3204"}],"wp:term":[{"taxonomy":"product_brand","embeddable":true,"href":"https:\/\/hosekra.com\/outlet\/wp-json\/wp\/v2\/product_brand?post=3204"},{"taxonomy":"product_cat","embeddable":true,"href":"https:\/\/hosekra.com\/outlet\/wp-json\/wp\/v2\/product_cat?post=3204"},{"taxonomy":"product_tag","embeddable":true,"href":"https:\/\/hosekra.com\/outlet\/wp-json\/wp\/v2\/product_tag?post=3204"}],"curies":[{"name":"wp","href":"https:\/\/api.w.org\/{rel}","templated":true}]}}