{"id":3243,"date":"2024-09-02T11:33:45","date_gmt":"2024-09-02T09:33:45","guid":{"rendered":"https:\/\/hosekra.com\/outlet\/?post_type=product&#038;p=3243"},"modified":"2026-02-12T11:43:23","modified_gmt":"2026-02-12T10:43:23","slug":"kontejner-6x23mx28m-povisan","status":"publish","type":"product","link":"https:\/\/hosekra.com\/outlet\/izdelek\/kontejner-6x23mx28m-povisan\/","title":{"rendered":"Kontejner, 6&#215;2,3mx2,8m povi\u0161an"},"content":{"rendered":"<p>Kontejner bele barve komplet izoliran, lu\u010d + vti\u010dnica, vi\u0161ina kontejnerja 2,8m, z dekorativno fasado iz letvic v barvi starani macesen.<\/p>\n<p>Ta kontejner, dimenzij 6 x 2,3 x 2,8 metra, je prakti\u010den in prilagodljiv prostor, ki je primeren za razli\u010dne namene, predvsem pa se odli\u010dno obnese kot pisarna. Ima eno stransko okno, steklena vhodna vrata, dodatno panoramosko okno spredaj in stransko podolgovto okno, kar omogo\u010da dobro naravno osvetlitev in enostaven pregled navzven.<\/p>\n<p>Kontejner je popolnoma izoliran, kar zagotavlja primerno temperaturo v vseh letnih \u010dasih, tako poleti kot pozimi. V notranjosti je \u017ee name\u0161\u010dena lu\u010d in vti\u010dnica, kar omogo\u010da takoj\u0161njo uporabo za osnovne potrebe po elektri\u010dni energiji, kot so ra\u010dunalnik, pisarni\u0161ka oprema ali dodatna razsvetljava.<\/p>\n<p>&nbsp;<\/p>\n<p>&nbsp;<\/p>\n","protected":false},"excerpt":{"rendered":"<p>Kontejner bele barve komplet izoliran, lu\u010d + vti\u010dnica, vi\u0161ina kontejnerja 2,8m, z dekorativno fasado iz letvic v barvi starani macesen. Ta kontejner, dimenzij 6 x 2,3 x 2,8 metra, je prakti\u010den in prilagodljiv prostor, ki je primeren za razli\u010dne namene, predvsem pa se odli\u010dno obnese kot pisarna. Ima eno stransko okno, steklena vhodna vrata, dodatno [&hellip;]<\/p>\n","protected":false},"featured_media":3247,"template":"","meta":{"ngg_post_thumbnail":0,"footnotes":""},"product_brand":[],"product_cat":[16],"product_tag":[],"class_list":{"0":"post-3243","1":"product","2":"type-product","3":"status-publish","4":"has-post-thumbnail","6":"product_cat-kontejnerji","8":"first","9":"onbackorder","10":"shipping-taxable","11":"product-type-simple"},"_links":{"self":[{"href":"https:\/\/hosekra.com\/outlet\/wp-json\/wp\/v2\/product\/3243","targetHints":{"allow":["GET"]}}],"collection":[{"href":"https:\/\/hosekra.com\/outlet\/wp-json\/wp\/v2\/product"}],"about":[{"href":"https:\/\/hosekra.com\/outlet\/wp-json\/wp\/v2\/types\/product"}],"version-history":[{"count":2,"href":"https:\/\/hosekra.com\/outlet\/wp-json\/wp\/v2\/product\/3243\/revisions"}],"predecessor-version":[{"id":3254,"href":"https:\/\/hosekra.com\/outlet\/wp-json\/wp\/v2\/product\/3243\/revisions\/3254"}],"wp:featuredmedia":[{"embeddable":true,"href":"https:\/\/hosekra.com\/outlet\/wp-json\/wp\/v2\/media\/3247"}],"wp:attachment":[{"href":"https:\/\/hosekra.com\/outlet\/wp-json\/wp\/v2\/media?parent=3243"}],"wp:term":[{"taxonomy":"product_brand","embeddable":true,"href":"https:\/\/hosekra.com\/outlet\/wp-json\/wp\/v2\/product_brand?post=3243"},{"taxonomy":"product_cat","embeddable":true,"href":"https:\/\/hosekra.com\/outlet\/wp-json\/wp\/v2\/product_cat?post=3243"},{"taxonomy":"product_tag","embeddable":true,"href":"https:\/\/hosekra.com\/outlet\/wp-json\/wp\/v2\/product_tag?post=3243"}],"curies":[{"name":"wp","href":"https:\/\/api.w.org\/{rel}","templated":true}]}}