{"id":3268,"date":"2026-04-24T08:23:09","date_gmt":"2026-04-24T06:23:09","guid":{"rendered":"https:\/\/hosekra.com\/outlet\/?post_type=product&#038;p=3268"},"modified":"2026-04-24T10:35:48","modified_gmt":"2026-04-24T08:35:48","slug":"garaza-6x54x28m-z-rolo-vrati","status":"publish","type":"product","link":"https:\/\/hosekra.com\/outlet\/izdelek\/garaza-6x54x28m-z-rolo-vrati\/","title":{"rendered":"Gara\u017ea 6&#215;5,4&#215;2,8m, z rolo vrati"},"content":{"rendered":"<section class=\"text-token-text-primary w-full focus:outline-none [--shadow-height:45px] has-data-writing-block:pointer-events-none has-data-writing-block:-mt-(--shadow-height) has-data-writing-block:pt-(--shadow-height) [&amp;:has([data-writing-block])&gt;*]:pointer-events-auto R6Vx5W_threadScrollVars scroll-mb-[calc(var(--scroll-root-safe-area-inset-bottom,0px)+var(--thread-response-height))] scroll-mt-(--header-height)\" dir=\"auto\" data-turn-id=\"9e65f52a-6a7d-456b-a82b-a7962554244e\" data-testid=\"conversation-turn-5\" data-scroll-anchor=\"false\" data-turn=\"user\"><\/section>\n<section class=\"text-token-text-primary w-full focus:outline-none [--shadow-height:45px] has-data-writing-block:pointer-events-none has-data-writing-block:-mt-(--shadow-height) has-data-writing-block:pt-(--shadow-height) [&amp;:has([data-writing-block])&gt;*]:pointer-events-auto [content-visibility:auto] supports-[content-visibility:auto]:[contain-intrinsic-size:auto_100lvh] R6Vx5W_threadScrollVars scroll-mb-[calc(var(--scroll-root-safe-area-inset-bottom,0px)+var(--thread-response-height))] scroll-mt-[calc(var(--header-height)+min(200px,max(70px,20svh)))]\" dir=\"auto\" data-turn-id=\"request-WEB:01b791eb-550a-4ec1-9e0e-76f467aa85eb-2\" data-testid=\"conversation-turn-6\" data-scroll-anchor=\"false\" data-turn=\"assistant\">\n<div class=\"text-base my-auto mx-auto pb-10 [--thread-content-margin:var(--thread-content-margin-xs,calc(var(--spacing)*4))] @w-sm\/main:[--thread-content-margin:var(--thread-content-margin-sm,calc(var(--spacing)*6))] @w-lg\/main:[--thread-content-margin:var(--thread-content-margin-lg,calc(var(--spacing)*16))] px-(--thread-content-margin)\">\n<div class=\"[--thread-content-max-width:40rem] @w-lg\/main:[--thread-content-max-width:48rem] mx-auto max-w-(--thread-content-max-width) flex-1 group\/turn-messages focus-visible:outline-hidden relative flex w-full min-w-0 flex-col agent-turn\">\n<div class=\"flex max-w-full flex-col gap-4 grow\">\n<div class=\"min-h-8 text-message relative flex w-full flex-col items-end gap-2 text-start break-words whitespace-normal outline-none keyboard-focused:focus-ring [.text-message+&amp;]:mt-1\" dir=\"auto\" data-message-author-role=\"assistant\" data-message-id=\"912b2c4c-3d44-4bb9-982b-01a5374537d1\" data-message-model-slug=\"gpt-5-3\" data-turn-start-message=\"true\">\n<div class=\"flex w-full flex-col gap-1 empty:hidden\">\n<div class=\"markdown prose dark:prose-invert w-full wrap-break-word light markdown-new-styling\">\n<p data-start=\"0\" data-end=\"143\">I\u0161\u010dete kakovostno, funkcionalno in estetsko dovr\u0161eno gara\u017eo? Predstavljamo vam moderno re\u0161itev, ki zdru\u017euje varnost, udobje in vrhunski izgled.<\/p>\n<p data-start=\"145\" data-end=\"428\">Gara\u017ea dimenzij 6 x 5,40 x 2,80 m nudi dovolj prostora za varno parkiranje vozila ter dodatno shranjevanje. Opremljena je z rolo vrati na daljinsko upravljanje, kar omogo\u010da enostaven in udoben dostop brez izstopanja iz vozila. Za dodatno prakti\u010dnost so vklju\u010dena tudi stranska vrata.<\/p>\n<p data-start=\"430\" data-end=\"674\">Za maksimalno udobje skozi vse leto je gara\u017ea izolirana \u2013 tako stene kot streha, kar zagotavlja bolj\u0161o za\u0161\u010dito pred mrazom, vro\u010dino in vlago. Moderna antracit barva poskrbi za eleganten videz, ki se lepo ujema z razli\u010dnimi arhitekturnimi slogi.<\/p>\n<p data-start=\"676\" data-end=\"922\">\u2714 dimenzije: 6 x 5,40 x 2,80 m<br data-start=\"706\" data-end=\"709\" \/>\u2714 rolo vrata z daljinskim upravljanjem<br data-start=\"747\" data-end=\"750\" \/>\u2714 dodatna stranska vrata<br data-start=\"774\" data-end=\"777\" \/>\u2714 izolacija sten in strehe (5 cm sendvi\u010d panel)<br data-start=\"803\" data-end=\"806\" \/>\u2714 sodobna antracit barva<br data-start=\"830\" data-end=\"833\" \/>\u2714 kakovostna in trpe\u017ena izdelava<br data-start=\"865\" data-end=\"868\" \/>\u2714 vklju\u010dena monta\u017ea na lokaciji po celotni Sloveniji<\/p>\n<p data-start=\"924\" data-end=\"988\"><strong>Opomba:<\/strong> <em>notranje obrobe profilov niso vklju\u010dene v akcijsko ceno.<\/em><\/p>\n<p data-start=\"990\" data-end=\"1094\">Izberite zanesljivo re\u0161itev, ki vam nudi za\u0161\u010dito, udobje in moderen videz \u2013 brez skrbi glede postavitve.<\/p>\n<p data-start=\"1096\" data-end=\"1149\" data-is-last-node=\"\" data-is-only-node=\"\">Kontaktirajte nas za ponudbo ali dodatne informacije!<\/p>\n<\/div>\n<\/div>\n<\/div>\n<\/div>\n<\/div>\n<\/div>\n<\/section>\n","protected":false},"excerpt":{"rendered":"<p>I\u0161\u010dete kakovostno, funkcionalno in estetsko dovr\u0161eno gara\u017eo? Predstavljamo vam moderno re\u0161itev, ki zdru\u017euje varnost, udobje in vrhunski izgled. Gara\u017ea dimenzij 6 x 5,40 x 2,80 m nudi dovolj prostora za varno parkiranje vozila ter dodatno shranjevanje. Opremljena je z rolo vrati na daljinsko upravljanje, kar omogo\u010da enostaven in udoben dostop brez izstopanja iz vozila. Za [&hellip;]<\/p>\n","protected":false},"featured_media":3269,"template":"","meta":{"ngg_post_thumbnail":0,"footnotes":""},"product_brand":[],"product_cat":[15],"product_tag":[],"class_list":{"0":"post-3268","1":"product","2":"type-product","3":"status-publish","4":"has-post-thumbnail","6":"product_cat-garaze","8":"first","9":"instock","10":"sale","11":"shipping-taxable","12":"purchasable","13":"product-type-simple"},"_links":{"self":[{"href":"https:\/\/hosekra.com\/outlet\/wp-json\/wp\/v2\/product\/3268","targetHints":{"allow":["GET"]}}],"collection":[{"href":"https:\/\/hosekra.com\/outlet\/wp-json\/wp\/v2\/product"}],"about":[{"href":"https:\/\/hosekra.com\/outlet\/wp-json\/wp\/v2\/types\/product"}],"version-history":[{"count":6,"href":"https:\/\/hosekra.com\/outlet\/wp-json\/wp\/v2\/product\/3268\/revisions"}],"predecessor-version":[{"id":4456,"href":"https:\/\/hosekra.com\/outlet\/wp-json\/wp\/v2\/product\/3268\/revisions\/4456"}],"wp:featuredmedia":[{"embeddable":true,"href":"https:\/\/hosekra.com\/outlet\/wp-json\/wp\/v2\/media\/3269"}],"wp:attachment":[{"href":"https:\/\/hosekra.com\/outlet\/wp-json\/wp\/v2\/media?parent=3268"}],"wp:term":[{"taxonomy":"product_brand","embeddable":true,"href":"https:\/\/hosekra.com\/outlet\/wp-json\/wp\/v2\/product_brand?post=3268"},{"taxonomy":"product_cat","embeddable":true,"href":"https:\/\/hosekra.com\/outlet\/wp-json\/wp\/v2\/product_cat?post=3268"},{"taxonomy":"product_tag","embeddable":true,"href":"https:\/\/hosekra.com\/outlet\/wp-json\/wp\/v2\/product_tag?post=3268"}],"curies":[{"name":"wp","href":"https:\/\/api.w.org\/{rel}","templated":true}]}}