{"id":3278,"date":"2024-01-07T11:03:31","date_gmt":"2024-01-07T10:03:31","guid":{"rendered":"https:\/\/hosekra.com\/outlet\/?post_type=product&#038;p=3278"},"modified":"2025-07-22T09:21:59","modified_gmt":"2025-07-22T07:21:59","slug":"dvojni-skladiscni-kotnejner-7x46m","status":"publish","type":"product","link":"https:\/\/hosekra.com\/outlet\/izdelek\/dvojni-skladiscni-kotnejner-7x46m\/","title":{"rendered":"Dvojni skladi\u0161\u010dni kotnejner 7&#215;4,6m"},"content":{"rendered":"<p data-start=\"0\" data-end=\"55\"><strong data-start=\"0\" data-end=\"55\">Hosekra dvojni skladi\u0161\u010dni kontejner 7 x 2,3 x 2,7 m<\/strong><\/p>\n<p data-start=\"57\" data-end=\"474\" data-is-last-node=\"\" data-is-only-node=\"\">Prostoren in trpe\u017een dvojni skladi\u0161\u010dni kontejner skupne povr\u0161ine 32 m\u00b2 je odli\u010dna re\u0161itev za varno shranjevanje orodja, materiala ali opreme. Opremljen je z dvojnimi vrati, ki omogo\u010dajo enostaven dostop tudi z ve\u010djimi predmeti. Celoten kontejner je v sodobni antracit barvi in izdelan iz odporne konstrukcije, primerne za vse vremenske pogoje. NA VOLJO TAKOJ \u2013 za hitro in u\u010dinkovito re\u0161itev va\u0161ih skladi\u0161\u010dnih potreb.<\/p>\n","protected":false},"excerpt":{"rendered":"<p>Hosekra dvojni skladi\u0161\u010dni kontejner 7 x 2,3 x 2,7 m Prostoren in trpe\u017een dvojni skladi\u0161\u010dni kontejner skupne povr\u0161ine 32 m\u00b2 je odli\u010dna re\u0161itev za varno shranjevanje orodja, materiala ali opreme. Opremljen je z dvojnimi vrati, ki omogo\u010dajo enostaven dostop tudi z ve\u010djimi predmeti. Celoten kontejner je v sodobni antracit barvi in izdelan iz odporne konstrukcije, [&hellip;]<\/p>\n","protected":false},"featured_media":3279,"template":"","meta":{"ngg_post_thumbnail":0,"footnotes":""},"product_brand":[],"product_cat":[16],"product_tag":[],"class_list":{"0":"post-3278","1":"product","2":"type-product","3":"status-publish","4":"has-post-thumbnail","6":"product_cat-kontejnerji","8":"first","9":"instock","10":"sale","11":"virtual","12":"purchasable","13":"product-type-simple"},"_links":{"self":[{"href":"https:\/\/hosekra.com\/outlet\/wp-json\/wp\/v2\/product\/3278","targetHints":{"allow":["GET"]}}],"collection":[{"href":"https:\/\/hosekra.com\/outlet\/wp-json\/wp\/v2\/product"}],"about":[{"href":"https:\/\/hosekra.com\/outlet\/wp-json\/wp\/v2\/types\/product"}],"version-history":[{"count":2,"href":"https:\/\/hosekra.com\/outlet\/wp-json\/wp\/v2\/product\/3278\/revisions"}],"predecessor-version":[{"id":3294,"href":"https:\/\/hosekra.com\/outlet\/wp-json\/wp\/v2\/product\/3278\/revisions\/3294"}],"wp:featuredmedia":[{"embeddable":true,"href":"https:\/\/hosekra.com\/outlet\/wp-json\/wp\/v2\/media\/3279"}],"wp:attachment":[{"href":"https:\/\/hosekra.com\/outlet\/wp-json\/wp\/v2\/media?parent=3278"}],"wp:term":[{"taxonomy":"product_brand","embeddable":true,"href":"https:\/\/hosekra.com\/outlet\/wp-json\/wp\/v2\/product_brand?post=3278"},{"taxonomy":"product_cat","embeddable":true,"href":"https:\/\/hosekra.com\/outlet\/wp-json\/wp\/v2\/product_cat?post=3278"},{"taxonomy":"product_tag","embeddable":true,"href":"https:\/\/hosekra.com\/outlet\/wp-json\/wp\/v2\/product_tag?post=3278"}],"curies":[{"name":"wp","href":"https:\/\/api.w.org\/{rel}","templated":true}]}}