{"id":3402,"date":"2024-08-23T08:14:01","date_gmt":"2024-08-23T06:14:01","guid":{"rendered":"https:\/\/hosekra.com\/outlet\/?post_type=product&#038;p=3402"},"modified":"2025-11-28T10:51:19","modified_gmt":"2025-11-28T09:51:19","slug":"kontejner-pisarna-6mx23m","status":"publish","type":"product","link":"https:\/\/hosekra.com\/outlet\/izdelek\/kontejner-pisarna-6mx23m\/","title":{"rendered":"Kontejner Pisarna 6mx2,3m"},"content":{"rendered":"<p>Osnovni kontejner dimenzij 6&#215;2,3 metra, bele barve, antracit obrobe. Pisarna je prakti\u010dna re\u0161itev za razli\u010dne poslovne in osebne potrebe. Zasnovan je z steklenimi dvokrilnimi vrati, ki omogo\u010dajo enostaven dostop in naravno osvetlitev. Dodano je \u0161e deljeno panoramsko okno in eno manj\u0161e okno. Notranjost je izolirana, kar zagotavlja udobno temperaturo skozi vse leto. Poleg tega je opremljen z lu\u010djo in vti\u010dnico, kar omogo\u010da takoj\u0161njo uporabo za osnovne elektri\u010dne naprave.<\/p>\n<p>Prednost tega kontejnerja je njegova dostopnost po zni\u017eani ceni, kar pomeni, da gre za odli\u010dno izbiro za vse, ki i\u0161\u010dejo kakovostno in ugodno re\u0161itev.<\/p>\n","protected":false},"excerpt":{"rendered":"<p>Osnovni kontejner dimenzij 6&#215;2,3 metra, bele barve, antracit obrobe. Pisarna je prakti\u010dna re\u0161itev za razli\u010dne poslovne in osebne potrebe. Zasnovan je z steklenimi dvokrilnimi vrati, ki omogo\u010dajo enostaven dostop in naravno osvetlitev. Dodano je \u0161e deljeno panoramsko okno in eno manj\u0161e okno. Notranjost je izolirana, kar zagotavlja udobno temperaturo skozi vse leto. Poleg tega je [&hellip;]<\/p>\n","protected":false},"featured_media":3406,"template":"","meta":{"ngg_post_thumbnail":0,"footnotes":""},"product_brand":[],"product_cat":[16],"product_tag":[],"class_list":{"0":"post-3402","1":"product","2":"type-product","3":"status-publish","4":"has-post-thumbnail","6":"product_cat-kontejnerji","8":"first","9":"instock","10":"sale","11":"virtual","12":"purchasable","13":"product-type-simple"},"_links":{"self":[{"href":"https:\/\/hosekra.com\/outlet\/wp-json\/wp\/v2\/product\/3402","targetHints":{"allow":["GET"]}}],"collection":[{"href":"https:\/\/hosekra.com\/outlet\/wp-json\/wp\/v2\/product"}],"about":[{"href":"https:\/\/hosekra.com\/outlet\/wp-json\/wp\/v2\/types\/product"}],"version-history":[{"count":1,"href":"https:\/\/hosekra.com\/outlet\/wp-json\/wp\/v2\/product\/3402\/revisions"}],"predecessor-version":[{"id":3410,"href":"https:\/\/hosekra.com\/outlet\/wp-json\/wp\/v2\/product\/3402\/revisions\/3410"}],"wp:featuredmedia":[{"embeddable":true,"href":"https:\/\/hosekra.com\/outlet\/wp-json\/wp\/v2\/media\/3406"}],"wp:attachment":[{"href":"https:\/\/hosekra.com\/outlet\/wp-json\/wp\/v2\/media?parent=3402"}],"wp:term":[{"taxonomy":"product_brand","embeddable":true,"href":"https:\/\/hosekra.com\/outlet\/wp-json\/wp\/v2\/product_brand?post=3402"},{"taxonomy":"product_cat","embeddable":true,"href":"https:\/\/hosekra.com\/outlet\/wp-json\/wp\/v2\/product_cat?post=3402"},{"taxonomy":"product_tag","embeddable":true,"href":"https:\/\/hosekra.com\/outlet\/wp-json\/wp\/v2\/product_tag?post=3402"}],"curies":[{"name":"wp","href":"https:\/\/api.w.org\/{rel}","templated":true}]}}