{"id":3417,"date":"2024-10-21T11:13:59","date_gmt":"2024-10-21T09:13:59","guid":{"rendered":"https:\/\/hosekra.com\/outlet\/?post_type=product&#038;p=3417"},"modified":"2025-10-07T12:39:40","modified_gmt":"2025-10-07T10:39:40","slug":"mobila-hiska-eko","status":"publish","type":"product","link":"https:\/\/hosekra.com\/outlet\/izdelek\/mobila-hiska-eko\/","title":{"rendered":"Mobilna hi\u0161ka EKO MAX 4X8m"},"content":{"rendered":"<p data-olk-copy-source=\"MessageBody\">CENA: <span lang=\"sl\">20.239,20<\/span>\u00a0 ZNI\u017dANA\u00a0<span lang=\"sl\">10\u00a0<\/span>%<span lang=\"sl\"> &#8211; iz 22.488,00 <\/span>MOBILNA HI\u0160KA EKO MAX\u00a0<span lang=\"sl\">TERRA (4 x 8m) <\/span>\u2013 EKSPONAT NA VOLJO TAKOJ <span lang=\"sl\">z vso dekoracijo in TV-jem!<\/span><\/p>\n<p>Ogled je mo\u017een na na\u0161em sede\u017eu v Slovenski Bistrici.Cena je za hi\u0161ico Z VSO OPREMO TERRA (kopalnica, kuhinja, dnevni prostor in 2 spalnici). Dodatno je mo\u017eno naro\u010diti tudi teraso, cena terase 3x8m je <span lang=\"sl\">1890,00 eur.<\/span><\/p>\n<p>Uredimo vam lahko celotno postavitev hi\u0161ice, torej organiziramo prevoz, postavitev, ter postavitev terase, cena je odvisna od lokacije.<\/p>\n","protected":false},"excerpt":{"rendered":"<p>CENA: 20.239,20\u00a0 ZNI\u017dANA\u00a010\u00a0% &#8211; iz 22.488,00 MOBILNA HI\u0160KA EKO MAX\u00a0TERRA (4 x 8m) \u2013 EKSPONAT NA VOLJO TAKOJ z vso dekoracijo in TV-jem! Ogled je mo\u017een na na\u0161em sede\u017eu v Slovenski Bistrici.Cena je za hi\u0161ico Z VSO OPREMO TERRA (kopalnica, kuhinja, dnevni prostor in 2 spalnici). Dodatno je mo\u017eno naro\u010diti tudi teraso, cena terase 3x8m [&hellip;]<\/p>\n","protected":false},"featured_media":3418,"template":"","meta":{"ngg_post_thumbnail":0,"footnotes":""},"product_brand":[],"product_cat":[17],"product_tag":[],"class_list":{"0":"post-3417","1":"product","2":"type-product","3":"status-publish","4":"has-post-thumbnail","6":"product_cat-mobilne-hiske","8":"first","9":"instock","10":"sale","11":"virtual","12":"purchasable","13":"product-type-simple"},"_links":{"self":[{"href":"https:\/\/hosekra.com\/outlet\/wp-json\/wp\/v2\/product\/3417","targetHints":{"allow":["GET"]}}],"collection":[{"href":"https:\/\/hosekra.com\/outlet\/wp-json\/wp\/v2\/product"}],"about":[{"href":"https:\/\/hosekra.com\/outlet\/wp-json\/wp\/v2\/types\/product"}],"version-history":[{"count":6,"href":"https:\/\/hosekra.com\/outlet\/wp-json\/wp\/v2\/product\/3417\/revisions"}],"predecessor-version":[{"id":3436,"href":"https:\/\/hosekra.com\/outlet\/wp-json\/wp\/v2\/product\/3417\/revisions\/3436"}],"wp:featuredmedia":[{"embeddable":true,"href":"https:\/\/hosekra.com\/outlet\/wp-json\/wp\/v2\/media\/3418"}],"wp:attachment":[{"href":"https:\/\/hosekra.com\/outlet\/wp-json\/wp\/v2\/media?parent=3417"}],"wp:term":[{"taxonomy":"product_brand","embeddable":true,"href":"https:\/\/hosekra.com\/outlet\/wp-json\/wp\/v2\/product_brand?post=3417"},{"taxonomy":"product_cat","embeddable":true,"href":"https:\/\/hosekra.com\/outlet\/wp-json\/wp\/v2\/product_cat?post=3417"},{"taxonomy":"product_tag","embeddable":true,"href":"https:\/\/hosekra.com\/outlet\/wp-json\/wp\/v2\/product_tag?post=3417"}],"curies":[{"name":"wp","href":"https:\/\/api.w.org\/{rel}","templated":true}]}}