{"id":3516,"date":"2024-09-01T09:01:23","date_gmt":"2024-09-01T07:01:23","guid":{"rendered":"https:\/\/hosekra.com\/outlet\/?post_type=product&#038;p=3516"},"modified":"2025-11-25T09:19:43","modified_gmt":"2025-11-25T08:19:43","slug":"kontejner-pisarna-6mx23m-4","status":"publish","type":"product","link":"https:\/\/hosekra.com\/outlet\/izdelek\/kontejner-pisarna-6mx23m-4\/","title":{"rendered":"Kontejner Pisarna 6mx2,3m"},"content":{"rendered":"<p>Osnovni kontejner dimenzij 6&#215;2,3 metra, antracit barve z kovisko fasado piano v barvi macesen.<\/p>\n<p>Pisarna je prakti\u010dna re\u0161itev za razli\u010dne poslovne in osebne potrebe. Dodano je dvojno ve\u010dje okno in eno manj\u0161e okno. Prav tako smo dodali okrasne panele v itmitaciji macesna na sprednji del fasade kontejnerja in zadaj.<\/p>\n<p>Notranjost je izolirana, kar zagotavlja udobno temperaturo skozi vse leto. Poleg tega je opremljen z lu\u010djo in vti\u010dnico, kar omogo\u010da takoj\u0161njo uporabo za osnovne elektri\u010dne naprave.<\/p>\n<p>Prednost tega kontejnerja je njegova dostopnost po zni\u017eani ceni, kar pomeni, da gre za odli\u010dno izbiro za vse, ki i\u0161\u010dejo kakovostno in ugodno re\u0161itev.<\/p>\n","protected":false},"excerpt":{"rendered":"<p>Osnovni kontejner dimenzij 6&#215;2,3 metra, antracit barve z kovisko fasado piano v barvi macesen. Pisarna je prakti\u010dna re\u0161itev za razli\u010dne poslovne in osebne potrebe. Dodano je dvojno ve\u010dje okno in eno manj\u0161e okno. Prav tako smo dodali okrasne panele v itmitaciji macesna na sprednji del fasade kontejnerja in zadaj. Notranjost je izolirana, kar zagotavlja udobno [&hellip;]<\/p>\n","protected":false},"featured_media":3520,"template":"","meta":{"ngg_post_thumbnail":0,"footnotes":""},"product_brand":[],"product_cat":[16],"product_tag":[],"class_list":{"0":"post-3516","1":"product","2":"type-product","3":"status-publish","4":"has-post-thumbnail","6":"product_cat-kontejnerji","8":"first","9":"instock","10":"sale","11":"virtual","12":"purchasable","13":"product-type-simple"},"_links":{"self":[{"href":"https:\/\/hosekra.com\/outlet\/wp-json\/wp\/v2\/product\/3516","targetHints":{"allow":["GET"]}}],"collection":[{"href":"https:\/\/hosekra.com\/outlet\/wp-json\/wp\/v2\/product"}],"about":[{"href":"https:\/\/hosekra.com\/outlet\/wp-json\/wp\/v2\/types\/product"}],"version-history":[{"count":2,"href":"https:\/\/hosekra.com\/outlet\/wp-json\/wp\/v2\/product\/3516\/revisions"}],"predecessor-version":[{"id":3527,"href":"https:\/\/hosekra.com\/outlet\/wp-json\/wp\/v2\/product\/3516\/revisions\/3527"}],"wp:featuredmedia":[{"embeddable":true,"href":"https:\/\/hosekra.com\/outlet\/wp-json\/wp\/v2\/media\/3520"}],"wp:attachment":[{"href":"https:\/\/hosekra.com\/outlet\/wp-json\/wp\/v2\/media?parent=3516"}],"wp:term":[{"taxonomy":"product_brand","embeddable":true,"href":"https:\/\/hosekra.com\/outlet\/wp-json\/wp\/v2\/product_brand?post=3516"},{"taxonomy":"product_cat","embeddable":true,"href":"https:\/\/hosekra.com\/outlet\/wp-json\/wp\/v2\/product_cat?post=3516"},{"taxonomy":"product_tag","embeddable":true,"href":"https:\/\/hosekra.com\/outlet\/wp-json\/wp\/v2\/product_tag?post=3516"}],"curies":[{"name":"wp","href":"https:\/\/api.w.org\/{rel}","templated":true}]}}