{"id":3555,"date":"2024-08-21T07:50:15","date_gmt":"2024-08-21T05:50:15","guid":{"rendered":"https:\/\/hosekra.com\/outlet\/?post_type=product&#038;p=3555"},"modified":"2025-12-03T08:41:30","modified_gmt":"2025-12-03T07:41:30","slug":"kontejner-dvojni-7x46x-32m%c2%b2","status":"publish","type":"product","link":"https:\/\/hosekra.com\/outlet\/izdelek\/kontejner-dvojni-7x46x-32m%c2%b2\/","title":{"rendered":"Kontejner Dvojni 8&#215;4,6x 32m\u00b2"},"content":{"rendered":"<p>Antracit sive barve, obilno zastekljen iz vseh strani, za dober pregled nad zunanjim dogajanjem, komplet izoliran, lu\u010d + vti\u010dnica. Streha dvokapnica. Skupne kvadrature 32,2m\u00b2.<\/p>\n<p>Dvojni kontejner dimenzij 7 x 4,6 metra je odli\u010den za razli\u010dne namene, kot so ve\u010dje pisarne, jedilnice ali delavnice. Zasnovan je za hitro prilagoditev notranjosti, kar omogo\u010da enostavno preureditev v prostor, ki najbolje ustreza va\u0161im potrebam. Prednost tega kontejnerja je odli\u010dna izolacija, ki omogo\u010da uporabo skozi vse leto, medtem ko vgrajene lu\u010di in vti\u010dnice zagotavljajo takoj\u0161njo pripravljenost za uporabo. Zanesljivost, fleksibilnost in enostavna monta\u017ea naredijo ta kontejner idealno izbiro za hitre in funkcionalne poslovne prostore.<\/p>\n","protected":false},"excerpt":{"rendered":"<p>Antracit sive barve, obilno zastekljen iz vseh strani, za dober pregled nad zunanjim dogajanjem, komplet izoliran, lu\u010d + vti\u010dnica. Streha dvokapnica. Skupne kvadrature 32,2m\u00b2. Dvojni kontejner dimenzij 7 x 4,6 metra je odli\u010den za razli\u010dne namene, kot so ve\u010dje pisarne, jedilnice ali delavnice. Zasnovan je za hitro prilagoditev notranjosti, kar omogo\u010da enostavno preureditev v prostor, [&hellip;]<\/p>\n","protected":false},"featured_media":3561,"template":"","meta":{"ngg_post_thumbnail":0,"footnotes":""},"product_brand":[],"product_cat":[16],"product_tag":[],"class_list":{"0":"post-3555","1":"product","2":"type-product","3":"status-publish","4":"has-post-thumbnail","6":"product_cat-kontejnerji","8":"first","9":"instock","10":"sale","11":"virtual","12":"purchasable","13":"product-type-simple"},"_links":{"self":[{"href":"https:\/\/hosekra.com\/outlet\/wp-json\/wp\/v2\/product\/3555","targetHints":{"allow":["GET"]}}],"collection":[{"href":"https:\/\/hosekra.com\/outlet\/wp-json\/wp\/v2\/product"}],"about":[{"href":"https:\/\/hosekra.com\/outlet\/wp-json\/wp\/v2\/types\/product"}],"version-history":[{"count":3,"href":"https:\/\/hosekra.com\/outlet\/wp-json\/wp\/v2\/product\/3555\/revisions"}],"predecessor-version":[{"id":3662,"href":"https:\/\/hosekra.com\/outlet\/wp-json\/wp\/v2\/product\/3555\/revisions\/3662"}],"wp:featuredmedia":[{"embeddable":true,"href":"https:\/\/hosekra.com\/outlet\/wp-json\/wp\/v2\/media\/3561"}],"wp:attachment":[{"href":"https:\/\/hosekra.com\/outlet\/wp-json\/wp\/v2\/media?parent=3555"}],"wp:term":[{"taxonomy":"product_brand","embeddable":true,"href":"https:\/\/hosekra.com\/outlet\/wp-json\/wp\/v2\/product_brand?post=3555"},{"taxonomy":"product_cat","embeddable":true,"href":"https:\/\/hosekra.com\/outlet\/wp-json\/wp\/v2\/product_cat?post=3555"},{"taxonomy":"product_tag","embeddable":true,"href":"https:\/\/hosekra.com\/outlet\/wp-json\/wp\/v2\/product_tag?post=3555"}],"curies":[{"name":"wp","href":"https:\/\/api.w.org\/{rel}","templated":true}]}}