{"id":360,"date":"2024-11-15T08:28:45","date_gmt":"2024-11-15T07:28:45","guid":{"rendered":"https:\/\/hosekra.com\/outlet\/?post_type=product&#038;p=360"},"modified":"2024-12-19T12:55:13","modified_gmt":"2024-12-19T11:55:13","slug":"eko-zascita-za-klimo","status":"publish","type":"product","link":"https:\/\/hosekra.com\/outlet\/izdelek\/eko-zascita-za-klimo\/","title":{"rendered":"EKO ZA\u0160\u010cITA ZA KLIMO"},"content":{"rendered":"<p>Za\u0161\u010dita za klimo v antracit barvi.<\/p>\n","protected":false},"excerpt":{"rendered":"<p>Za\u0161\u010dita za klimo v antracit barvi.<\/p>\n","protected":false},"featured_media":368,"template":"","meta":{"ngg_post_thumbnail":0,"footnotes":""},"product_brand":[],"product_cat":[17],"product_tag":[],"class_list":{"0":"post-360","1":"product","2":"type-product","3":"status-publish","4":"has-post-thumbnail","6":"product_cat-mobilne-hiske","8":"first","9":"instock","10":"sale","11":"shipping-taxable","12":"purchasable","13":"product-type-simple"},"_links":{"self":[{"href":"https:\/\/hosekra.com\/outlet\/wp-json\/wp\/v2\/product\/360","targetHints":{"allow":["GET"]}}],"collection":[{"href":"https:\/\/hosekra.com\/outlet\/wp-json\/wp\/v2\/product"}],"about":[{"href":"https:\/\/hosekra.com\/outlet\/wp-json\/wp\/v2\/types\/product"}],"version-history":[{"count":1,"href":"https:\/\/hosekra.com\/outlet\/wp-json\/wp\/v2\/product\/360\/revisions"}],"predecessor-version":[{"id":2838,"href":"https:\/\/hosekra.com\/outlet\/wp-json\/wp\/v2\/product\/360\/revisions\/2838"}],"wp:featuredmedia":[{"embeddable":true,"href":"https:\/\/hosekra.com\/outlet\/wp-json\/wp\/v2\/media\/368"}],"wp:attachment":[{"href":"https:\/\/hosekra.com\/outlet\/wp-json\/wp\/v2\/media?parent=360"}],"wp:term":[{"taxonomy":"product_brand","embeddable":true,"href":"https:\/\/hosekra.com\/outlet\/wp-json\/wp\/v2\/product_brand?post=360"},{"taxonomy":"product_cat","embeddable":true,"href":"https:\/\/hosekra.com\/outlet\/wp-json\/wp\/v2\/product_cat?post=360"},{"taxonomy":"product_tag","embeddable":true,"href":"https:\/\/hosekra.com\/outlet\/wp-json\/wp\/v2\/product_tag?post=360"}],"curies":[{"name":"wp","href":"https:\/\/api.w.org\/{rel}","templated":true}]}}