{"id":3600,"date":"2024-09-01T11:46:46","date_gmt":"2024-09-01T09:46:46","guid":{"rendered":"https:\/\/hosekra.com\/outlet\/?post_type=product&#038;p=3600"},"modified":"2025-11-25T09:19:00","modified_gmt":"2025-11-25T08:19:00","slug":"osnovni-kontejner-47mx23m-7","status":"publish","type":"product","link":"https:\/\/hosekra.com\/outlet\/izdelek\/osnovni-kontejner-47mx23m-7\/","title":{"rendered":"Osnovni Kontejner 4,7mx2,3m"},"content":{"rendered":"<p>Antracit kontejner 1xokno, 1x vrata, komplet izoliran 5cm, lu\u010d + vti\u010dnica.<\/p>\n<p>Osnovni kontejner dimenzij 4,7&#215;2,3 metra je enostaven in funkcionalen prostor, ki je popolnoma izoliran, kar zagotavlja udobno temperaturo v vseh letnih \u010dasih. Zasnovan je v beli barvi in opremljen z antracitnim oknom ter preklopnimi vrati za enostaven dostop. V notranjosti so \u017ee name\u0161\u010deni lu\u010d in vti\u010dnica, kar omogo\u010da takoj\u0161njo uporabo za osnovne elektri\u010dne potrebe. Ta kontejner je odli\u010dna izbira za podjetja, ki i\u0161\u010dejo preprost, a kakovosten prostor za razli\u010dne potrebe, bodisi kot pisarno bodisi za shranjevanje, s prednostjo, da je pripravljen za takoj\u0161njo uporabo.<\/p>\n","protected":false},"excerpt":{"rendered":"<p>Antracit kontejner 1xokno, 1x vrata, komplet izoliran 5cm, lu\u010d + vti\u010dnica. Osnovni kontejner dimenzij 4,7&#215;2,3 metra je enostaven in funkcionalen prostor, ki je popolnoma izoliran, kar zagotavlja udobno temperaturo v vseh letnih \u010dasih. Zasnovan je v beli barvi in opremljen z antracitnim oknom ter preklopnimi vrati za enostaven dostop. V notranjosti so \u017ee name\u0161\u010deni lu\u010d [&hellip;]<\/p>\n","protected":false},"featured_media":3602,"template":"","meta":{"ngg_post_thumbnail":0,"footnotes":""},"product_brand":[],"product_cat":[16],"product_tag":[],"class_list":{"0":"post-3600","1":"product","2":"type-product","3":"status-publish","4":"has-post-thumbnail","6":"product_cat-kontejnerji","8":"first","9":"instock","10":"sale","11":"virtual","12":"purchasable","13":"product-type-simple"},"_links":{"self":[{"href":"https:\/\/hosekra.com\/outlet\/wp-json\/wp\/v2\/product\/3600","targetHints":{"allow":["GET"]}}],"collection":[{"href":"https:\/\/hosekra.com\/outlet\/wp-json\/wp\/v2\/product"}],"about":[{"href":"https:\/\/hosekra.com\/outlet\/wp-json\/wp\/v2\/types\/product"}],"version-history":[{"count":1,"href":"https:\/\/hosekra.com\/outlet\/wp-json\/wp\/v2\/product\/3600\/revisions"}],"predecessor-version":[{"id":3604,"href":"https:\/\/hosekra.com\/outlet\/wp-json\/wp\/v2\/product\/3600\/revisions\/3604"}],"wp:featuredmedia":[{"embeddable":true,"href":"https:\/\/hosekra.com\/outlet\/wp-json\/wp\/v2\/media\/3602"}],"wp:attachment":[{"href":"https:\/\/hosekra.com\/outlet\/wp-json\/wp\/v2\/media?parent=3600"}],"wp:term":[{"taxonomy":"product_brand","embeddable":true,"href":"https:\/\/hosekra.com\/outlet\/wp-json\/wp\/v2\/product_brand?post=3600"},{"taxonomy":"product_cat","embeddable":true,"href":"https:\/\/hosekra.com\/outlet\/wp-json\/wp\/v2\/product_cat?post=3600"},{"taxonomy":"product_tag","embeddable":true,"href":"https:\/\/hosekra.com\/outlet\/wp-json\/wp\/v2\/product_tag?post=3600"}],"curies":[{"name":"wp","href":"https:\/\/api.w.org\/{rel}","templated":true}]}}