{"id":3648,"date":"2026-04-24T08:35:10","date_gmt":"2026-04-24T06:35:10","guid":{"rendered":"https:\/\/hosekra.com\/outlet\/?post_type=product&#038;p=3648"},"modified":"2026-04-24T10:28:16","modified_gmt":"2026-04-24T08:28:16","slug":"osnovni-kontejner-3mx2m","status":"publish","type":"product","link":"https:\/\/hosekra.com\/outlet\/izdelek\/osnovni-kontejner-3mx2m\/","title":{"rendered":"Manj\u0161i Kontejner &#8211; Lopa 3mx2,3m"},"content":{"rendered":"<p>Bel kontejner 1x vrata, 1x okno, komplet izoliran 5cm, brez elektrike.<\/p>\n<p>Osnovni kontejner dimenzij 3 x2,3 metra je enostaven in funkcionalen prostor, ki je popolnoma izoliran, kar zagotavlja udobno temperaturo v vseh letnih \u010dasih. Zasnovan je v beli barvi in opremljen z antracitnim oknom ter KOVINSKIMI vrati za enostaven dostop. Ta kontejner je odli\u010dna izbira za podjetja, ki i\u0161\u010dejo preprost, a kakovosten prostor za razli\u010dne potrebe, bodisi kot pisarno bodisi za shranjevanje, s prednostjo, da je pripravljen za takoj\u0161njo uporabo.<\/p>\n","protected":false},"excerpt":{"rendered":"<p>Bel kontejner 1x vrata, 1x okno, komplet izoliran 5cm, brez elektrike. Osnovni kontejner dimenzij 3 x2,3 metra je enostaven in funkcionalen prostor, ki je popolnoma izoliran, kar zagotavlja udobno temperaturo v vseh letnih \u010dasih. Zasnovan je v beli barvi in opremljen z antracitnim oknom ter KOVINSKIMI vrati za enostaven dostop. Ta kontejner je odli\u010dna izbira [&hellip;]<\/p>\n","protected":false},"featured_media":3637,"template":"","meta":{"ngg_post_thumbnail":0,"footnotes":""},"product_brand":[],"product_cat":[16],"product_tag":[],"class_list":{"0":"post-3648","1":"product","2":"type-product","3":"status-publish","4":"has-post-thumbnail","6":"product_cat-kontejnerji","8":"first","9":"instock","10":"sale","11":"shipping-taxable","12":"purchasable","13":"product-type-simple"},"_links":{"self":[{"href":"https:\/\/hosekra.com\/outlet\/wp-json\/wp\/v2\/product\/3648","targetHints":{"allow":["GET"]}}],"collection":[{"href":"https:\/\/hosekra.com\/outlet\/wp-json\/wp\/v2\/product"}],"about":[{"href":"https:\/\/hosekra.com\/outlet\/wp-json\/wp\/v2\/types\/product"}],"version-history":[{"count":6,"href":"https:\/\/hosekra.com\/outlet\/wp-json\/wp\/v2\/product\/3648\/revisions"}],"predecessor-version":[{"id":4054,"href":"https:\/\/hosekra.com\/outlet\/wp-json\/wp\/v2\/product\/3648\/revisions\/4054"}],"wp:featuredmedia":[{"embeddable":true,"href":"https:\/\/hosekra.com\/outlet\/wp-json\/wp\/v2\/media\/3637"}],"wp:attachment":[{"href":"https:\/\/hosekra.com\/outlet\/wp-json\/wp\/v2\/media?parent=3648"}],"wp:term":[{"taxonomy":"product_brand","embeddable":true,"href":"https:\/\/hosekra.com\/outlet\/wp-json\/wp\/v2\/product_brand?post=3648"},{"taxonomy":"product_cat","embeddable":true,"href":"https:\/\/hosekra.com\/outlet\/wp-json\/wp\/v2\/product_cat?post=3648"},{"taxonomy":"product_tag","embeddable":true,"href":"https:\/\/hosekra.com\/outlet\/wp-json\/wp\/v2\/product_tag?post=3648"}],"curies":[{"name":"wp","href":"https:\/\/api.w.org\/{rel}","templated":true}]}}