{"id":3724,"date":"2024-06-19T12:01:49","date_gmt":"2024-06-19T10:01:49","guid":{"rendered":"https:\/\/hosekra.com\/outlet\/?post_type=product&#038;p=3724"},"modified":"2026-01-06T08:31:21","modified_gmt":"2026-01-06T07:31:21","slug":"osnovni-kontejner-6mx23m-8","status":"publish","type":"product","link":"https:\/\/hosekra.com\/outlet\/izdelek\/osnovni-kontejner-6mx23m-8\/","title":{"rendered":"Osnovni Kontejner 6mx2,3m"},"content":{"rendered":"<p>Osnovni kontejner dimenzij 6&#215;2,3 metra v antracitni barvi je prakti\u010dna re\u0161itev za razli\u010dne poslovne in osebne potrebe. Zasnovan je z ve\u010djimi okni in vrati, ki omogo\u010dajo enostaven dostop in naravno osvetlitev. Notranjost je izolirana, kar zagotavlja udobno temperaturo skozi vse leto. Poleg tega je opremljen z lu\u010djo in vti\u010dnico, kar omogo\u010da takoj\u0161njo uporabo za osnovne elektri\u010dne naprave.<\/p>\n<p>Prednost tega kontejnerja je njegova dostopnost po zni\u017eani ceni, kar pomeni, da gre za odli\u010dno izbiro za vse, ki i\u0161\u010dejo kakovostno in ugodno re\u0161itev.<\/p>\n","protected":false},"excerpt":{"rendered":"<p>Osnovni kontejner dimenzij 6&#215;2,3 metra v antracitni barvi je prakti\u010dna re\u0161itev za razli\u010dne poslovne in osebne potrebe. Zasnovan je z ve\u010djimi okni in vrati, ki omogo\u010dajo enostaven dostop in naravno osvetlitev. Notranjost je izolirana, kar zagotavlja udobno temperaturo skozi vse leto. Poleg tega je opremljen z lu\u010djo in vti\u010dnico, kar omogo\u010da takoj\u0161njo uporabo za osnovne [&hellip;]<\/p>\n","protected":false},"featured_media":3730,"template":"","meta":{"ngg_post_thumbnail":0,"footnotes":""},"product_brand":[],"product_cat":[16],"product_tag":[],"class_list":{"0":"post-3724","1":"product","2":"type-product","3":"status-publish","4":"has-post-thumbnail","6":"product_cat-kontejnerji","8":"first","9":"instock","10":"sale","11":"virtual","12":"purchasable","13":"product-type-simple"},"_links":{"self":[{"href":"https:\/\/hosekra.com\/outlet\/wp-json\/wp\/v2\/product\/3724","targetHints":{"allow":["GET"]}}],"collection":[{"href":"https:\/\/hosekra.com\/outlet\/wp-json\/wp\/v2\/product"}],"about":[{"href":"https:\/\/hosekra.com\/outlet\/wp-json\/wp\/v2\/types\/product"}],"version-history":[{"count":1,"href":"https:\/\/hosekra.com\/outlet\/wp-json\/wp\/v2\/product\/3724\/revisions"}],"predecessor-version":[{"id":3732,"href":"https:\/\/hosekra.com\/outlet\/wp-json\/wp\/v2\/product\/3724\/revisions\/3732"}],"wp:featuredmedia":[{"embeddable":true,"href":"https:\/\/hosekra.com\/outlet\/wp-json\/wp\/v2\/media\/3730"}],"wp:attachment":[{"href":"https:\/\/hosekra.com\/outlet\/wp-json\/wp\/v2\/media?parent=3724"}],"wp:term":[{"taxonomy":"product_brand","embeddable":true,"href":"https:\/\/hosekra.com\/outlet\/wp-json\/wp\/v2\/product_brand?post=3724"},{"taxonomy":"product_cat","embeddable":true,"href":"https:\/\/hosekra.com\/outlet\/wp-json\/wp\/v2\/product_cat?post=3724"},{"taxonomy":"product_tag","embeddable":true,"href":"https:\/\/hosekra.com\/outlet\/wp-json\/wp\/v2\/product_tag?post=3724"}],"curies":[{"name":"wp","href":"https:\/\/api.w.org\/{rel}","templated":true}]}}