{"id":3775,"date":"2025-01-14T08:52:37","date_gmt":"2025-01-14T07:52:37","guid":{"rendered":"https:\/\/hosekra.com\/outlet\/?post_type=product&#038;p=3775"},"modified":"2026-02-25T07:35:29","modified_gmt":"2026-02-25T06:35:29","slug":"letna-kuhinja-200cm-8163","status":"publish","type":"product","link":"https:\/\/hosekra.com\/outlet\/izdelek\/letna-kuhinja-200cm-8163\/","title":{"rendered":"Letna kuhinja z dodatkom za \u017ear, 280cm (8163)"},"content":{"rendered":"<p>Kovinska letna Kuhinja 280 cm, dvojna trpe\u017ena aluminijasta drsna vrata v barvi svetli macesen, korito na sredini, Kerrock pult, dodane notranje police, grelna pipa, odrtina za hladilnik, podstavek za \u017ear.<\/p>\n<p>Hosekrina zunanja kuhinja je zasnovana za brezskrbno uporabo na prostem, saj so vsi sestavni deli izjemno trpe\u017eni in odporni na vremenske vplive.<\/p>\n<ul>\n<li>Ogrodje iz Magnelis pocinkanega jekla nudi odli\u010dno za\u0161\u010dito pred korozijo.<\/li>\n<li>Kerrock pult pa je odporen na vse vremenske razmere, od vro\u010dine do mraza.<\/li>\n<li>Kuhinja ima drsna vrata z aluminijastim okvirjem in vodoodporne notranje police, ki so preproste za \u010di\u0161\u010denje.<\/li>\n<li>Grelna pipa omogo\u010da takoj\u0161njo toplo vodo, inox korito pa zagotavlja eleganten videz in trajnost.<\/li>\n<li>Celoten dizajn zagotavlja dolgoletno vzdr\u017eljivost in funkcionalnost.<\/li>\n<\/ul>\n","protected":false},"excerpt":{"rendered":"<p>Kovinska letna Kuhinja 280 cm, dvojna trpe\u017ena aluminijasta drsna vrata v barvi svetli macesen, korito na sredini, Kerrock pult, dodane notranje police, grelna pipa, odrtina za hladilnik, podstavek za \u017ear. Hosekrina zunanja kuhinja je zasnovana za brezskrbno uporabo na prostem, saj so vsi sestavni deli izjemno trpe\u017eni in odporni na vremenske vplive. Ogrodje iz Magnelis [&hellip;]<\/p>\n","protected":false},"featured_media":3777,"template":"","meta":{"ngg_post_thumbnail":0,"footnotes":""},"product_brand":[],"product_cat":[18],"product_tag":[],"class_list":{"0":"post-3775","1":"product","2":"type-product","3":"status-publish","4":"has-post-thumbnail","6":"product_cat-letne-kuhinje","8":"first","9":"instock","10":"sale","11":"virtual","12":"purchasable","13":"product-type-simple"},"_links":{"self":[{"href":"https:\/\/hosekra.com\/outlet\/wp-json\/wp\/v2\/product\/3775","targetHints":{"allow":["GET"]}}],"collection":[{"href":"https:\/\/hosekra.com\/outlet\/wp-json\/wp\/v2\/product"}],"about":[{"href":"https:\/\/hosekra.com\/outlet\/wp-json\/wp\/v2\/types\/product"}],"version-history":[{"count":5,"href":"https:\/\/hosekra.com\/outlet\/wp-json\/wp\/v2\/product\/3775\/revisions"}],"predecessor-version":[{"id":3933,"href":"https:\/\/hosekra.com\/outlet\/wp-json\/wp\/v2\/product\/3775\/revisions\/3933"}],"wp:featuredmedia":[{"embeddable":true,"href":"https:\/\/hosekra.com\/outlet\/wp-json\/wp\/v2\/media\/3777"}],"wp:attachment":[{"href":"https:\/\/hosekra.com\/outlet\/wp-json\/wp\/v2\/media?parent=3775"}],"wp:term":[{"taxonomy":"product_brand","embeddable":true,"href":"https:\/\/hosekra.com\/outlet\/wp-json\/wp\/v2\/product_brand?post=3775"},{"taxonomy":"product_cat","embeddable":true,"href":"https:\/\/hosekra.com\/outlet\/wp-json\/wp\/v2\/product_cat?post=3775"},{"taxonomy":"product_tag","embeddable":true,"href":"https:\/\/hosekra.com\/outlet\/wp-json\/wp\/v2\/product_tag?post=3775"}],"curies":[{"name":"wp","href":"https:\/\/api.w.org\/{rel}","templated":true}]}}