{"id":3807,"date":"2024-07-27T11:30:08","date_gmt":"2024-07-27T09:30:08","guid":{"rendered":"https:\/\/hosekra.com\/outlet\/?post_type=product&#038;p=3807"},"modified":"2026-02-16T12:50:21","modified_gmt":"2026-02-16T11:50:21","slug":"mobilna-hiska-eko-max-4x8m-2","status":"publish","type":"product","link":"https:\/\/hosekra.com\/outlet\/izdelek\/mobilna-hiska-eko-max-4x8m-2\/","title":{"rendered":"Mobilna hi\u0161ka EKO MAX 4X8m"},"content":{"rendered":"<p><strong>HI\u0160KA EKO MAX (4&#215;8) \u2013 NOV RAZSTAVNI EKSPONAT \u2013 PRIHRANEK 1.510 \u20ac!<\/strong><\/p>\n<p>Z veseljem vas obve\u0161\u010damo, da imamo na voljo novo <strong>HI\u0160KO EKO MAX (4&#215;8)<\/strong>, razstavni eksponat v elegantni antracit barvi z dekorativnimi kovinskimi letvicami v videzu macesna.<\/p>\n<ul>\n<li>Redna cena: 24.290 \u20ac<\/li>\n<li>Zni\u017eana cena: 22.780 \u20ac \u2013 PRIHRANEK 1.510 \u20ac!<\/li>\n<\/ul>\n<p>Gre za model 2026 z ve\u010d novostmi in izbolj\u0161avami. Zunanji dizajn izstopa z velikimi drsnimi vrati dimenzije (313 \u00d7 200 cm), ki prostoru dajejo odprt in sodoben videz ter veliko naravne svetlobe.<\/p>\n<p>Hi\u0161ka je popolnoma opremljena in vklju\u010duje:<\/p>\n<ul>\n<li>Kuhinjski sklop nove generacije \u2013 kuhinjo v dol\u017eini 300 cm, z indukcijsko plo\u0161\u010do s \u0161tirimi kuhali\u0161\u010di, vgradno pe\u010dico, integriranim pomivalnim strojem in prostornim hladilnikom<\/li>\n<li>Prijeten dnevni prostor<\/li>\n<li>Dve spalnici<\/li>\n<li>Moderno kopalnico<\/li>\n<\/ul>\n<p>Mo\u017enost naro\u010dila terase razli\u010dnih dimenzij, ki dodatno raz\u0161iri bivalni prostor in omogo\u010da prijetno uporabo zunanjega prostora.<\/p>\n<p>V ponudbo je vklju\u010dena vsa zgoraj navedena oprema, brez dekoracije.<\/p>\n<p>Nudimo mo\u017enost organizacije dostave in monta\u017ee, vklju\u010dno s prevozom, postavitvijo hi\u0161ice in terase.<br \/>\nCena monta\u017ee in prevoza je odvisna od lokacije.<\/p>\n<p>Dostava je mogo\u010da po vsej Sloveniji in po vsej Evropi!<\/p>\n<p>Za naro\u010dilo ali dodatne informacije nas kontaktirajte na e-po\u0161to:<br \/>\n<strong>homes@hosekra.si<\/strong><br \/>\nTelefon: <strong>02 80 55 121 \/ 030 315 430<\/strong><\/p>\n","protected":false},"excerpt":{"rendered":"<p>HI\u0160KA EKO MAX (4&#215;8) \u2013 NOV RAZSTAVNI EKSPONAT \u2013 PRIHRANEK 1.510 \u20ac! Z veseljem vas obve\u0161\u010damo, da imamo na voljo novo HI\u0160KO EKO MAX (4&#215;8), razstavni eksponat v elegantni antracit barvi z dekorativnimi kovinskimi letvicami v videzu macesna. Redna cena: 24.290 \u20ac Zni\u017eana cena: 22.780 \u20ac \u2013 PRIHRANEK 1.510 \u20ac! Gre za model 2026 z [&hellip;]<\/p>\n","protected":false},"featured_media":3839,"template":"","meta":{"ngg_post_thumbnail":0,"footnotes":""},"product_brand":[],"product_cat":[17],"product_tag":[],"class_list":{"0":"post-3807","1":"product","2":"type-product","3":"status-publish","4":"has-post-thumbnail","6":"product_cat-mobilne-hiske","8":"first","9":"instock","10":"sale","11":"virtual","12":"purchasable","13":"product-type-simple"},"_links":{"self":[{"href":"https:\/\/hosekra.com\/outlet\/wp-json\/wp\/v2\/product\/3807","targetHints":{"allow":["GET"]}}],"collection":[{"href":"https:\/\/hosekra.com\/outlet\/wp-json\/wp\/v2\/product"}],"about":[{"href":"https:\/\/hosekra.com\/outlet\/wp-json\/wp\/v2\/types\/product"}],"version-history":[{"count":6,"href":"https:\/\/hosekra.com\/outlet\/wp-json\/wp\/v2\/product\/3807\/revisions"}],"predecessor-version":[{"id":3887,"href":"https:\/\/hosekra.com\/outlet\/wp-json\/wp\/v2\/product\/3807\/revisions\/3887"}],"wp:featuredmedia":[{"embeddable":true,"href":"https:\/\/hosekra.com\/outlet\/wp-json\/wp\/v2\/media\/3839"}],"wp:attachment":[{"href":"https:\/\/hosekra.com\/outlet\/wp-json\/wp\/v2\/media?parent=3807"}],"wp:term":[{"taxonomy":"product_brand","embeddable":true,"href":"https:\/\/hosekra.com\/outlet\/wp-json\/wp\/v2\/product_brand?post=3807"},{"taxonomy":"product_cat","embeddable":true,"href":"https:\/\/hosekra.com\/outlet\/wp-json\/wp\/v2\/product_cat?post=3807"},{"taxonomy":"product_tag","embeddable":true,"href":"https:\/\/hosekra.com\/outlet\/wp-json\/wp\/v2\/product_tag?post=3807"}],"curies":[{"name":"wp","href":"https:\/\/api.w.org\/{rel}","templated":true}]}}