{"id":3898,"date":"2024-01-27T14:13:07","date_gmt":"2024-01-27T13:13:07","guid":{"rendered":"https:\/\/hosekra.com\/outlet\/?post_type=product&#038;p=3898"},"modified":"2026-04-07T12:17:29","modified_gmt":"2026-04-07T10:17:29","slug":"skladiscni-kontejner-6-x-23-x-23-m","status":"publish","type":"product","link":"https:\/\/hosekra.com\/outlet\/izdelek\/skladiscni-kontejner-6-x-23-x-23-m\/","title":{"rendered":"SKLADI\u0160\u010cNI KONTEJNER 6 X 2,3 X 2,3 m"},"content":{"rendered":"<p data-start=\"116\" data-end=\"385\">Ponujamo <strong data-start=\"125\" data-end=\"174\">skladi\u0161\u010dni kontejner dimenzij 6 x 2,3 x 2,3 m<\/strong> z <strong data-start=\"177\" data-end=\"192\">enimi vrati<\/strong>, idealen za varno in prakti\u010dno shranjevanje opreme, materialov ali dokumentov. Trpe\u017ena konstrukcija v <strong data-start=\"295\" data-end=\"315\">antracitni barvi<\/strong> zagotavlja odpornost na vremenske vplive in dolgo \u017eivljenjsko dobo.<\/p>\n<p data-start=\"387\" data-end=\"683\">Enostavna postavitev in funkcionalna zasnova omogo\u010data hitro organizacijo prostora, hkrati pa nudi za\u0161\u010dito pred vlago in neprijetnimi vremenskimi razmerami. Popolna re\u0161itev za <strong data-start=\"563\" data-end=\"624\">gradbi\u0161\u010da, industrijske prostore ali dodatno skladi\u0161\u010denje<\/strong> kjerkoli, kjer je potreben zanesljiv in trpe\u017een prostor.<\/p>\n","protected":false},"excerpt":{"rendered":"<p>Ponujamo skladi\u0161\u010dni kontejner dimenzij 6 x 2,3 x 2,3 m z enimi vrati, idealen za varno in prakti\u010dno shranjevanje opreme, materialov ali dokumentov. Trpe\u017ena konstrukcija v antracitni barvi zagotavlja odpornost na vremenske vplive in dolgo \u017eivljenjsko dobo. Enostavna postavitev in funkcionalna zasnova omogo\u010data hitro organizacijo prostora, hkrati pa nudi za\u0161\u010dito pred vlago in neprijetnimi vremenskimi [&hellip;]<\/p>\n","protected":false},"featured_media":3617,"template":"","meta":{"ngg_post_thumbnail":0,"footnotes":""},"product_brand":[],"product_cat":[16],"product_tag":[],"class_list":{"0":"post-3898","1":"product","2":"type-product","3":"status-publish","4":"has-post-thumbnail","6":"product_cat-kontejnerji","8":"first","9":"instock","10":"sale","11":"virtual","12":"purchasable","13":"product-type-simple"},"_links":{"self":[{"href":"https:\/\/hosekra.com\/outlet\/wp-json\/wp\/v2\/product\/3898","targetHints":{"allow":["GET"]}}],"collection":[{"href":"https:\/\/hosekra.com\/outlet\/wp-json\/wp\/v2\/product"}],"about":[{"href":"https:\/\/hosekra.com\/outlet\/wp-json\/wp\/v2\/types\/product"}],"version-history":[{"count":1,"href":"https:\/\/hosekra.com\/outlet\/wp-json\/wp\/v2\/product\/3898\/revisions"}],"predecessor-version":[{"id":3905,"href":"https:\/\/hosekra.com\/outlet\/wp-json\/wp\/v2\/product\/3898\/revisions\/3905"}],"wp:featuredmedia":[{"embeddable":true,"href":"https:\/\/hosekra.com\/outlet\/wp-json\/wp\/v2\/media\/3617"}],"wp:attachment":[{"href":"https:\/\/hosekra.com\/outlet\/wp-json\/wp\/v2\/media?parent=3898"}],"wp:term":[{"taxonomy":"product_brand","embeddable":true,"href":"https:\/\/hosekra.com\/outlet\/wp-json\/wp\/v2\/product_brand?post=3898"},{"taxonomy":"product_cat","embeddable":true,"href":"https:\/\/hosekra.com\/outlet\/wp-json\/wp\/v2\/product_cat?post=3898"},{"taxonomy":"product_tag","embeddable":true,"href":"https:\/\/hosekra.com\/outlet\/wp-json\/wp\/v2\/product_tag?post=3898"}],"curies":[{"name":"wp","href":"https:\/\/api.w.org\/{rel}","templated":true}]}}