{"id":3943,"date":"2025-01-29T09:28:31","date_gmt":"2025-01-29T08:28:31","guid":{"rendered":"https:\/\/hosekra.com\/outlet\/?post_type=product&#038;p=3943"},"modified":"2026-03-06T10:04:09","modified_gmt":"2026-03-06T09:04:09","slug":"letna-kuhinja","status":"publish","type":"product","link":"https:\/\/hosekra.com\/outlet\/izdelek\/letna-kuhinja\/","title":{"rendered":"Letna kuhinja 200cm (163)"},"content":{"rendered":"<p>Kovinska letna Kuhinja 200 cm, dvojna trpe\u017ena aluminijasta drsna vrata v barvi starani macesen, korito , podpultno korito, Kerrock pult, 3 notranje police, grelna pipa, stenski povi\u0161ek.<\/p>\n<p>Na\u0161a zunanja kuhinja je zasnovana za brezskrbno uporabo na prostem, saj so vsi sestavni deli izjemno trpe\u017eni in odporni na vremenske vplive.<\/p>\n<ul>\n<li>Ogrodje iz Magnelis pocinkanega jekla nudi odli\u010dno za\u0161\u010dito pred korozijo.<\/li>\n<li>Kerrock pult pa je odporen na vse vremenske razmere, od vro\u010dine do mraza.<\/li>\n<li>Kuhinja ima drsna vrata z aluminijastim okvirjem in vodoodporne notranje police, ki so preproste za \u010di\u0161\u010denje.<\/li>\n<li>Grelna pipa omogo\u010da takoj\u0161njo toplo vodo, inox korito pa zagotavlja eleganten videz in trajnost.<\/li>\n<li>Celoten dizajn zagotavlja dolgoletno vzdr\u017eljivost in funkcionalnost.<\/li>\n<\/ul>\n","protected":false},"excerpt":{"rendered":"<p>Kovinska letna Kuhinja 200 cm, dvojna trpe\u017ena aluminijasta drsna vrata v barvi starani macesen, korito , podpultno korito, Kerrock pult, 3 notranje police, grelna pipa, stenski povi\u0161ek. Na\u0161a zunanja kuhinja je zasnovana za brezskrbno uporabo na prostem, saj so vsi sestavni deli izjemno trpe\u017eni in odporni na vremenske vplive. Ogrodje iz Magnelis pocinkanega jekla nudi [&hellip;]<\/p>\n","protected":false},"featured_media":3945,"template":"","meta":{"ngg_post_thumbnail":0,"footnotes":""},"product_brand":[],"product_cat":[18],"product_tag":[],"class_list":{"0":"post-3943","1":"product","2":"type-product","3":"status-publish","4":"has-post-thumbnail","6":"product_cat-letne-kuhinje","8":"first","9":"instock","10":"sale","11":"virtual","12":"purchasable","13":"product-type-simple"},"_links":{"self":[{"href":"https:\/\/hosekra.com\/outlet\/wp-json\/wp\/v2\/product\/3943","targetHints":{"allow":["GET"]}}],"collection":[{"href":"https:\/\/hosekra.com\/outlet\/wp-json\/wp\/v2\/product"}],"about":[{"href":"https:\/\/hosekra.com\/outlet\/wp-json\/wp\/v2\/types\/product"}],"version-history":[{"count":1,"href":"https:\/\/hosekra.com\/outlet\/wp-json\/wp\/v2\/product\/3943\/revisions"}],"predecessor-version":[{"id":3947,"href":"https:\/\/hosekra.com\/outlet\/wp-json\/wp\/v2\/product\/3943\/revisions\/3947"}],"wp:featuredmedia":[{"embeddable":true,"href":"https:\/\/hosekra.com\/outlet\/wp-json\/wp\/v2\/media\/3945"}],"wp:attachment":[{"href":"https:\/\/hosekra.com\/outlet\/wp-json\/wp\/v2\/media?parent=3943"}],"wp:term":[{"taxonomy":"product_brand","embeddable":true,"href":"https:\/\/hosekra.com\/outlet\/wp-json\/wp\/v2\/product_brand?post=3943"},{"taxonomy":"product_cat","embeddable":true,"href":"https:\/\/hosekra.com\/outlet\/wp-json\/wp\/v2\/product_cat?post=3943"},{"taxonomy":"product_tag","embeddable":true,"href":"https:\/\/hosekra.com\/outlet\/wp-json\/wp\/v2\/product_tag?post=3943"}],"curies":[{"name":"wp","href":"https:\/\/api.w.org\/{rel}","templated":true}]}}