{"id":3989,"date":"2026-04-24T08:56:48","date_gmt":"2026-04-24T06:56:48","guid":{"rendered":"https:\/\/hosekra.com\/outlet\/?post_type=product&#038;p=3989"},"modified":"2026-04-24T10:26:25","modified_gmt":"2026-04-24T08:26:25","slug":"pisarniski-kontejner-6-x-23-x-23-m-4","status":"publish","type":"product","link":"https:\/\/hosekra.com\/outlet\/izdelek\/pisarniski-kontejner-6-x-23-x-23-m-4\/","title":{"rendered":"PISARNI\u0160KI KONTEJNER 6 X 2,3 X 2,3 m"},"content":{"rendered":"<p>Pisarni\u0161ki kontejner je odli\u010dna re\u0161itev za hitro in funkcionalno ureditev delovnega prostora. Na sprednji strani ima dve veliki okni, ki zagotavljata obilico naravne svetlobe in prijetno delovno okolje, ter vhodna vrata za enostaven dostop. Prostor je primeren za pisarno, prodajni prostor, sprejemnico ali za\u010dasno delovno enoto na terenu. Kakovostna izdelava omogo\u010da udobno uporabo skozi vse leto, hkrati pa kontejner nudi fleksibilnost in mobilnost glede postavitve. Idealna izbira za podjetja, gradbi\u0161\u010da ali zasebno rabo.<\/p>\n","protected":false},"excerpt":{"rendered":"<p>Pisarni\u0161ki kontejner je odli\u010dna re\u0161itev za hitro in funkcionalno ureditev delovnega prostora. Na sprednji strani ima dve veliki okni, ki zagotavljata obilico naravne svetlobe in prijetno delovno okolje, ter vhodna vrata za enostaven dostop. Prostor je primeren za pisarno, prodajni prostor, sprejemnico ali za\u010dasno delovno enoto na terenu. Kakovostna izdelava omogo\u010da udobno uporabo skozi vse [&hellip;]<\/p>\n","protected":false},"featured_media":4447,"template":"","meta":{"ngg_post_thumbnail":0,"footnotes":""},"product_brand":[],"product_cat":[16],"product_tag":[],"class_list":{"0":"post-3989","1":"product","2":"type-product","3":"status-publish","4":"has-post-thumbnail","6":"product_cat-kontejnerji","8":"first","9":"instock","10":"sale","11":"shipping-taxable","12":"purchasable","13":"product-type-simple"},"_links":{"self":[{"href":"https:\/\/hosekra.com\/outlet\/wp-json\/wp\/v2\/product\/3989","targetHints":{"allow":["GET"]}}],"collection":[{"href":"https:\/\/hosekra.com\/outlet\/wp-json\/wp\/v2\/product"}],"about":[{"href":"https:\/\/hosekra.com\/outlet\/wp-json\/wp\/v2\/types\/product"}],"version-history":[{"count":1,"href":"https:\/\/hosekra.com\/outlet\/wp-json\/wp\/v2\/product\/3989\/revisions"}],"predecessor-version":[{"id":3992,"href":"https:\/\/hosekra.com\/outlet\/wp-json\/wp\/v2\/product\/3989\/revisions\/3992"}],"wp:featuredmedia":[{"embeddable":true,"href":"https:\/\/hosekra.com\/outlet\/wp-json\/wp\/v2\/media\/4447"}],"wp:attachment":[{"href":"https:\/\/hosekra.com\/outlet\/wp-json\/wp\/v2\/media?parent=3989"}],"wp:term":[{"taxonomy":"product_brand","embeddable":true,"href":"https:\/\/hosekra.com\/outlet\/wp-json\/wp\/v2\/product_brand?post=3989"},{"taxonomy":"product_cat","embeddable":true,"href":"https:\/\/hosekra.com\/outlet\/wp-json\/wp\/v2\/product_cat?post=3989"},{"taxonomy":"product_tag","embeddable":true,"href":"https:\/\/hosekra.com\/outlet\/wp-json\/wp\/v2\/product_tag?post=3989"}],"curies":[{"name":"wp","href":"https:\/\/api.w.org\/{rel}","templated":true}]}}