{"id":3998,"date":"2024-02-06T11:43:18","date_gmt":"2024-02-06T10:43:18","guid":{"rendered":"https:\/\/hosekra.com\/outlet\/?post_type=product&#038;p=3998"},"modified":"2026-03-13T11:51:55","modified_gmt":"2026-03-13T10:51:55","slug":"pisarniski-kontejner-6x23x23-m","status":"publish","type":"product","link":"https:\/\/hosekra.com\/outlet\/izdelek\/pisarniski-kontejner-6x23x23-m\/","title":{"rendered":"PISARNI\u0160KI KONTEJNER 6X2,3X2,3 M"},"content":{"rendered":"<p><strong data-start=\"42\" data-end=\"108\">Pisarn\u0161ki kontejner 6 \u00d7 2,3 \u00d7 2,3 m v elegantni antracit barvi<\/strong> je sodobna in funkcionalna re\u0161itev za hitro ureditev delovnega prostora. Na sprednji stranici ima veliko <strong data-start=\"214\" data-end=\"231\">stekleno okno<\/strong>, ki zagotavlja obilico naravne svetlobe, ter <strong data-start=\"277\" data-end=\"302\" data-is-only-node=\"\">steklena vhodna vrata<\/strong>, ki prostoru dodajo profesionalen in moderen videz. Kontejner je primeren za pisarne, prodajne to\u010dke, gradbi\u0161\u010da ali sprejemne prostore. Kakovostna izdelava, estetski videz in prakti\u010dna zasnova omogo\u010dajo udobno delo ter odli\u010den prvi vtis \u2013 kjerkoli ga postavite.<\/p>\n","protected":false},"excerpt":{"rendered":"<p>Pisarn\u0161ki kontejner 6 \u00d7 2,3 \u00d7 2,3 m v elegantni antracit barvi je sodobna in funkcionalna re\u0161itev za hitro ureditev delovnega prostora. Na sprednji stranici ima veliko stekleno okno, ki zagotavlja obilico naravne svetlobe, ter steklena vhodna vrata, ki prostoru dodajo profesionalen in moderen videz. Kontejner je primeren za pisarne, prodajne to\u010dke, gradbi\u0161\u010da ali sprejemne [&hellip;]<\/p>\n","protected":false},"featured_media":4030,"template":"","meta":{"ngg_post_thumbnail":0,"footnotes":""},"product_brand":[],"product_cat":[16],"product_tag":[],"class_list":{"0":"post-3998","1":"product","2":"type-product","3":"status-publish","4":"has-post-thumbnail","6":"product_cat-kontejnerji","8":"first","9":"instock","10":"sale","11":"virtual","12":"purchasable","13":"product-type-simple"},"_links":{"self":[{"href":"https:\/\/hosekra.com\/outlet\/wp-json\/wp\/v2\/product\/3998","targetHints":{"allow":["GET"]}}],"collection":[{"href":"https:\/\/hosekra.com\/outlet\/wp-json\/wp\/v2\/product"}],"about":[{"href":"https:\/\/hosekra.com\/outlet\/wp-json\/wp\/v2\/types\/product"}],"version-history":[{"count":1,"href":"https:\/\/hosekra.com\/outlet\/wp-json\/wp\/v2\/product\/3998\/revisions"}],"predecessor-version":[{"id":4007,"href":"https:\/\/hosekra.com\/outlet\/wp-json\/wp\/v2\/product\/3998\/revisions\/4007"}],"wp:featuredmedia":[{"embeddable":true,"href":"https:\/\/hosekra.com\/outlet\/wp-json\/wp\/v2\/media\/4030"}],"wp:attachment":[{"href":"https:\/\/hosekra.com\/outlet\/wp-json\/wp\/v2\/media?parent=3998"}],"wp:term":[{"taxonomy":"product_brand","embeddable":true,"href":"https:\/\/hosekra.com\/outlet\/wp-json\/wp\/v2\/product_brand?post=3998"},{"taxonomy":"product_cat","embeddable":true,"href":"https:\/\/hosekra.com\/outlet\/wp-json\/wp\/v2\/product_cat?post=3998"},{"taxonomy":"product_tag","embeddable":true,"href":"https:\/\/hosekra.com\/outlet\/wp-json\/wp\/v2\/product_tag?post=3998"}],"curies":[{"name":"wp","href":"https:\/\/api.w.org\/{rel}","templated":true}]}}