{"id":4118,"date":"2026-02-12T13:10:03","date_gmt":"2026-02-12T12:10:03","guid":{"rendered":"https:\/\/hosekra.com\/outlet\/?post_type=product&#038;p=4118"},"modified":"2026-04-01T11:01:05","modified_gmt":"2026-04-01T09:01:05","slug":"talna-mreza-za-gradnjo-vec-kosov","status":"publish","type":"product","link":"https:\/\/hosekra.com\/outlet\/izdelek\/talna-mreza-za-gradnjo-vec-kosov\/","title":{"rendered":"Talna mre\u017ea za gradnjo &#8211; ve\u010d kosov"},"content":{"rendered":"<p><span data-teams=\"true\">\u00a0Talna mre\u017ea iz profilov primerna za samogradnjo terase mere: 160cm x 80cm. Prilagojena za betonske plo\u0161\u010de 40x40cm. Brez plo\u0161\u010d<\/span><\/p>\n","protected":false},"excerpt":{"rendered":"<p>\u00a0Talna mre\u017ea iz profilov primerna za samogradnjo terase mere: 160cm x 80cm. Prilagojena za betonske plo\u0161\u010de 40x40cm. Brez plo\u0161\u010d<\/p>\n","protected":false},"featured_media":4140,"template":"","meta":{"ngg_post_thumbnail":0,"footnotes":""},"product_brand":[],"product_cat":[118],"product_tag":[],"class_list":{"0":"post-4118","1":"product","2":"type-product","3":"status-publish","4":"has-post-thumbnail","6":"product_cat-profili","8":"first","9":"instock","10":"sale","11":"shipping-taxable","12":"purchasable","13":"product-type-simple"},"_links":{"self":[{"href":"https:\/\/hosekra.com\/outlet\/wp-json\/wp\/v2\/product\/4118","targetHints":{"allow":["GET"]}}],"collection":[{"href":"https:\/\/hosekra.com\/outlet\/wp-json\/wp\/v2\/product"}],"about":[{"href":"https:\/\/hosekra.com\/outlet\/wp-json\/wp\/v2\/types\/product"}],"version-history":[{"count":1,"href":"https:\/\/hosekra.com\/outlet\/wp-json\/wp\/v2\/product\/4118\/revisions"}],"predecessor-version":[{"id":4121,"href":"https:\/\/hosekra.com\/outlet\/wp-json\/wp\/v2\/product\/4118\/revisions\/4121"}],"wp:featuredmedia":[{"embeddable":true,"href":"https:\/\/hosekra.com\/outlet\/wp-json\/wp\/v2\/media\/4140"}],"wp:attachment":[{"href":"https:\/\/hosekra.com\/outlet\/wp-json\/wp\/v2\/media?parent=4118"}],"wp:term":[{"taxonomy":"product_brand","embeddable":true,"href":"https:\/\/hosekra.com\/outlet\/wp-json\/wp\/v2\/product_brand?post=4118"},{"taxonomy":"product_cat","embeddable":true,"href":"https:\/\/hosekra.com\/outlet\/wp-json\/wp\/v2\/product_cat?post=4118"},{"taxonomy":"product_tag","embeddable":true,"href":"https:\/\/hosekra.com\/outlet\/wp-json\/wp\/v2\/product_tag?post=4118"}],"curies":[{"name":"wp","href":"https:\/\/api.w.org\/{rel}","templated":true}]}}