{"id":4248,"date":"2024-03-02T14:39:20","date_gmt":"2024-03-02T13:39:20","guid":{"rendered":"https:\/\/hosekra.com\/outlet\/?post_type=product&#038;p=4248"},"modified":"2026-03-05T11:45:33","modified_gmt":"2026-03-05T10:45:33","slug":"kontejner-6-x-3-x-28-m","status":"publish","type":"product","link":"https:\/\/hosekra.com\/outlet\/izdelek\/kontejner-6-x-3-x-28-m\/","title":{"rendered":"KONTEJNER 6 X 3 X 2,8 M"},"content":{"rendered":"<p data-start=\"0\" data-end=\"573\">Kontejner dimenzij 6 x 3 x 2,8 m je sodobno zasnovan modularni objekt, ki zdru\u017euje funkcionalnost, estetiko in kakovostne materiale. Sprednja stran je poudarjena z ve\u010djimi steklenimi povr\u0161inami, ki prostoru zagotavljajo veliko naravne svetlobe ter ustvarjajo ob\u010dutek odprtosti in povezanosti z okolico. Zunanjost odlikuje atraktivna fasada piano v barvi antracita, ki objektu daje eleganten, moderen in profesionalen videz. Temen odtenek se lepo dopolnjuje z notranjostjo, kjer so name\u0161\u010deni beli stenski paneli, ki prostoru dodajo svetlino, \u010distost in ob\u010dutek prostornosti.<\/p>\n<p data-start=\"575\" data-end=\"988\" data-is-last-node=\"\" data-is-only-node=\"\">Konstrukcija je izdelana iz kakovostnih materialov, ki zagotavljajo stabilnost, dobro toplotno in zvo\u010dno izolacijo ter dolgo \u017eivljenjsko dobo. Objekt je primeren za pisarno, prodajni prostor, razstavni prostor, recepcijo, za\u010dasni bivalni prostor ali drug poslovni namen. Zaradi sodobnega videza in premi\u0161ljene zasnove predstavlja estetsko dovr\u0161eno in prakti\u010dno re\u0161itev za hitro postavitev funkcionalnega prostora.<\/p>\n","protected":false},"excerpt":{"rendered":"<p>Kontejner dimenzij 6 x 3 x 2,8 m je sodobno zasnovan modularni objekt, ki zdru\u017euje funkcionalnost, estetiko in kakovostne materiale. Sprednja stran je poudarjena z ve\u010djimi steklenimi povr\u0161inami, ki prostoru zagotavljajo veliko naravne svetlobe ter ustvarjajo ob\u010dutek odprtosti in povezanosti z okolico. Zunanjost odlikuje atraktivna fasada piano v barvi antracita, ki objektu daje eleganten, moderen [&hellip;]<\/p>\n","protected":false},"featured_media":4249,"template":"","meta":{"ngg_post_thumbnail":0,"footnotes":""},"product_brand":[],"product_cat":[16],"product_tag":[],"class_list":{"0":"post-4248","1":"product","2":"type-product","3":"status-publish","4":"has-post-thumbnail","6":"product_cat-kontejnerji","8":"first","9":"instock","10":"sale","11":"virtual","12":"purchasable","13":"product-type-simple"},"_links":{"self":[{"href":"https:\/\/hosekra.com\/outlet\/wp-json\/wp\/v2\/product\/4248","targetHints":{"allow":["GET"]}}],"collection":[{"href":"https:\/\/hosekra.com\/outlet\/wp-json\/wp\/v2\/product"}],"about":[{"href":"https:\/\/hosekra.com\/outlet\/wp-json\/wp\/v2\/types\/product"}],"version-history":[{"count":1,"href":"https:\/\/hosekra.com\/outlet\/wp-json\/wp\/v2\/product\/4248\/revisions"}],"predecessor-version":[{"id":4259,"href":"https:\/\/hosekra.com\/outlet\/wp-json\/wp\/v2\/product\/4248\/revisions\/4259"}],"wp:featuredmedia":[{"embeddable":true,"href":"https:\/\/hosekra.com\/outlet\/wp-json\/wp\/v2\/media\/4249"}],"wp:attachment":[{"href":"https:\/\/hosekra.com\/outlet\/wp-json\/wp\/v2\/media?parent=4248"}],"wp:term":[{"taxonomy":"product_brand","embeddable":true,"href":"https:\/\/hosekra.com\/outlet\/wp-json\/wp\/v2\/product_brand?post=4248"},{"taxonomy":"product_cat","embeddable":true,"href":"https:\/\/hosekra.com\/outlet\/wp-json\/wp\/v2\/product_cat?post=4248"},{"taxonomy":"product_tag","embeddable":true,"href":"https:\/\/hosekra.com\/outlet\/wp-json\/wp\/v2\/product_tag?post=4248"}],"curies":[{"name":"wp","href":"https:\/\/api.w.org\/{rel}","templated":true}]}}