{"id":4308,"date":"2026-03-11T08:17:48","date_gmt":"2026-03-11T07:17:48","guid":{"rendered":"https:\/\/hosekra.com\/outlet\/?post_type=product&#038;p=4308"},"modified":"2026-03-11T08:20:10","modified_gmt":"2026-03-11T07:20:10","slug":"4308","status":"publish","type":"product","link":"https:\/\/hosekra.com\/outlet\/izdelek\/4308\/","title":{"rendered":"Konstrukcija za lopo ali skladi\u0161\u010de 6x3m"},"content":{"rendered":"<p data-start=\"0\" data-end=\"142\">Na zalogi je konstrukcija, primerna za samograditelje. Uporabna je kot strojna lopa, pokrit skladi\u0161\u010dni prostor ali za podobne namene.<\/p>\n<p data-start=\"0\" data-end=\"142\">Mere: 6m dol\u017eine, 3m \u0161irine, 3,5m vi\u0161ine<\/p>\n<p data-start=\"144\" data-end=\"230\">Cena: 1.090 EUR + DDV<br data-start=\"165\" data-end=\"168\" \/>Monta\u017ea in prevoz nista vklju\u010dena.<br data-start=\"202\" data-end=\"205\" data-is-only-node=\"\" \/>Te\u017ea konstrukcije: 400 kg<\/p>\n<p><span data-teams=\"true\">\u00a0<\/span><\/p>\n","protected":false},"excerpt":{"rendered":"<p>Na zalogi je konstrukcija, primerna za samograditelje. Uporabna je kot strojna lopa, pokrit skladi\u0161\u010dni prostor ali za podobne namene. Mere: 6m dol\u017eine, 3m \u0161irine, 3,5m vi\u0161ine Cena: 1.090 EUR + DDVMonta\u017ea in prevoz nista vklju\u010dena.Te\u017ea konstrukcije: 400 kg \u00a0<\/p>\n","protected":false},"featured_media":4309,"template":"","meta":{"ngg_post_thumbnail":0,"footnotes":""},"product_brand":[],"product_cat":[118],"product_tag":[],"class_list":{"0":"post-4308","1":"product","2":"type-product","3":"status-publish","4":"has-post-thumbnail","6":"product_cat-profili","8":"first","9":"instock","10":"shipping-taxable","11":"purchasable","12":"product-type-simple"},"_links":{"self":[{"href":"https:\/\/hosekra.com\/outlet\/wp-json\/wp\/v2\/product\/4308","targetHints":{"allow":["GET"]}}],"collection":[{"href":"https:\/\/hosekra.com\/outlet\/wp-json\/wp\/v2\/product"}],"about":[{"href":"https:\/\/hosekra.com\/outlet\/wp-json\/wp\/v2\/types\/product"}],"version-history":[{"count":3,"href":"https:\/\/hosekra.com\/outlet\/wp-json\/wp\/v2\/product\/4308\/revisions"}],"predecessor-version":[{"id":4313,"href":"https:\/\/hosekra.com\/outlet\/wp-json\/wp\/v2\/product\/4308\/revisions\/4313"}],"wp:featuredmedia":[{"embeddable":true,"href":"https:\/\/hosekra.com\/outlet\/wp-json\/wp\/v2\/media\/4309"}],"wp:attachment":[{"href":"https:\/\/hosekra.com\/outlet\/wp-json\/wp\/v2\/media?parent=4308"}],"wp:term":[{"taxonomy":"product_brand","embeddable":true,"href":"https:\/\/hosekra.com\/outlet\/wp-json\/wp\/v2\/product_brand?post=4308"},{"taxonomy":"product_cat","embeddable":true,"href":"https:\/\/hosekra.com\/outlet\/wp-json\/wp\/v2\/product_cat?post=4308"},{"taxonomy":"product_tag","embeddable":true,"href":"https:\/\/hosekra.com\/outlet\/wp-json\/wp\/v2\/product_tag?post=4308"}],"curies":[{"name":"wp","href":"https:\/\/api.w.org\/{rel}","templated":true}]}}