{"id":4321,"date":"2026-03-17T08:08:25","date_gmt":"2026-03-17T07:08:25","guid":{"rendered":"https:\/\/hosekra.com\/outlet\/?post_type=product&#038;p=4321"},"modified":"2026-03-17T08:08:59","modified_gmt":"2026-03-17T07:08:59","slug":"mobilna-hisica-v-kampu-big-berry","status":"publish","type":"product","link":"https:\/\/hosekra.com\/outlet\/izdelek\/mobilna-hisica-v-kampu-big-berry\/","title":{"rendered":"Mobilna hi\u0161ica v kampu Big berry"},"content":{"rendered":"<div dir=\"auto\">V \u010dudovitem kampu <span class=\"html-span xdj266r x14z9mp xat24cr x1lziwak xexx8yu xyri2b x18d9i69 x1c1uobl x1hl2dhg x16tdsg8 x1vvkbs\"><a class=\"x1i10hfl xjbqb8w x1ejq31n x18oe1m7 x1sy0etr xstzfhl x972fbf x10w94by x1qhh985 x14e42zd x9f619 x1ypdohk xt0psk2 x3ct3a4 xdj266r x14z9mp xat24cr x1lziwak xexx8yu xyri2b x18d9i69 x1c1uobl x16tdsg8 x1hl2dhg xggy1nq x1a2a7pz xkrqix3 x1sur9pj x1fey0fg x1s688f\" role=\"link\" href=\"https:\/\/www.facebook.com\/bigberry.eu?__cft__[0]=AZY7s6GPOcn8m09J2mBjAu6yTem9XWxXNYQqxEtTH7HvarQX20u8Xm3PK8_OG8n3aaCHWUed4BBLsRhQBtOenHyqugnlXr643MyxsuqDEi5SqWeSqqSeat0Gn-6jUhVVXMOVJ-Pi_NQRZS1Q6TybFPDUGR7D0afvGIYI7FKFYdgXUtvWdIKVGE8P6vrEYKFnH9c&amp;__tn__=-]K-R\"><span class=\"xt0psk2\"><span class=\"xjp7ctv\">BIG BERRY<\/span><\/span><\/a><\/span> ob Kolpi, se prodaja odli\u010dno ohranjena, malo rabljena EKO+ mobilna hi\u0161ica za 4+2 osebi.<\/div>\n<div dir=\"auto\">Hi\u0161ica je polno opremljena in \u017ee postavljena v resortu BIG BERRY v Beli krajini. Hi\u0161ica se nahaja v 2. vrsti, v prijetni senci. Popolna za nadaljevanje uspe\u0161nega oddajanja. V ceno hi\u0161ice je \u017ee vklju\u010den pav\u0161al do 01.05.2026.<\/div>\n<div dir=\"auto\">Nakup je mo\u017een takoj<\/div>\n<div dir=\"auto\">Cena z vso opremo: 41.000 \u20ac.<\/div>\n<div dir=\"auto\">Kontakt: <span class=\"html-span xdj266r x14z9mp xat24cr x1lziwak xexx8yu xyri2b x18d9i69 x1c1uobl x1hl2dhg x16tdsg8 x1vvkbs\"><a class=\"x1i10hfl xjbqb8w x1ejq31n x18oe1m7 x1sy0etr xstzfhl x972fbf x10w94by x1qhh985 x14e42zd x9f619 x1ypdohk xt0psk2 x3ct3a4 xdj266r x14z9mp xat24cr x1lziwak xexx8yu xyri2b x18d9i69 x1c1uobl x16tdsg8 x1hl2dhg xggy1nq x1a2a7pz xkrqix3 x1sur9pj x1fey0fg x1s688f\" role=\"link\" href=\"http:\/\/www.bigberry.eu\/?fbclid=IwZXh0bgNhZW0CMTAAYnJpZBEwbXBVNlREYW5SeTJ5aVlDNHNydGMGYXBwX2lkEDIyMjAzOTE3ODgyMDA4OTIAAR7RUzVzNnQ_N-tt03vpjK1R-RWsgIZ0nn3xT_wnTu9Nk6LnktoHXEWc9c1T9A_aem_K5h9cdGphhdSAlFVi974wQ\" target=\"_blank\" rel=\"nofollow noopener\">www.bigberry.eu<\/a><\/span><\/div>\n<div dir=\"auto\"><span class=\"html-span xexx8yu xyri2b x18d9i69 x1c1uobl x1hl2dhg x16tdsg8 x1vvkbs x3nfvp2 x1j61x8r x1fcty0u xdj266r xat24cr xm2jcoa x1mpyi22 xxymvpz xlup9mm x1kky2od\"><img loading=\"lazy\" decoding=\"async\" class=\"xz74otr x15mokao x1ga7v0g x16uus16 xbiv7yw\" src=\"https:\/\/static.xx.fbcdn.net\/images\/emoji.php\/v9\/td8\/1\/16\/1f4f2.png\" alt=\"\ud83d\udcf2\" width=\"16\" height=\"16\" \/><\/span> +386 64 241 311<\/div>\n<div dir=\"auto\"><span class=\"html-span xexx8yu xyri2b x18d9i69 x1c1uobl x1hl2dhg x16tdsg8 x1vvkbs x3nfvp2 x1j61x8r x1fcty0u xdj266r xat24cr xm2jcoa x1mpyi22 xxymvpz xlup9mm x1kky2od\"><img loading=\"lazy\" decoding=\"async\" class=\"xz74otr x15mokao x1ga7v0g x16uus16 xbiv7yw\" src=\"https:\/\/static.xx.fbcdn.net\/images\/emoji.php\/v9\/tc0\/1\/16\/1f4e9.png\" alt=\"\ud83d\udce9\" width=\"16\" height=\"16\" \/><\/span> info@bigberry.eu<\/div>\n","protected":false},"excerpt":{"rendered":"<p>V \u010dudovitem kampu BIG BERRY ob Kolpi, se prodaja odli\u010dno ohranjena, malo rabljena EKO+ mobilna hi\u0161ica za 4+2 osebi. Hi\u0161ica je polno opremljena in \u017ee postavljena v resortu BIG BERRY v Beli krajini. Hi\u0161ica se nahaja v 2. vrsti, v prijetni senci. Popolna za nadaljevanje uspe\u0161nega oddajanja. V ceno hi\u0161ice je \u017ee vklju\u010den pav\u0161al do [&hellip;]<\/p>\n","protected":false},"featured_media":4334,"template":"","meta":{"ngg_post_thumbnail":0,"footnotes":""},"product_brand":[],"product_cat":[17],"product_tag":[],"class_list":{"0":"post-4321","1":"product","2":"type-product","3":"status-publish","4":"has-post-thumbnail","6":"product_cat-mobilne-hiske","8":"first","9":"instock","10":"shipping-taxable","11":"purchasable","12":"product-type-simple"},"_links":{"self":[{"href":"https:\/\/hosekra.com\/outlet\/wp-json\/wp\/v2\/product\/4321","targetHints":{"allow":["GET"]}}],"collection":[{"href":"https:\/\/hosekra.com\/outlet\/wp-json\/wp\/v2\/product"}],"about":[{"href":"https:\/\/hosekra.com\/outlet\/wp-json\/wp\/v2\/types\/product"}],"version-history":[{"count":1,"href":"https:\/\/hosekra.com\/outlet\/wp-json\/wp\/v2\/product\/4321\/revisions"}],"predecessor-version":[{"id":4338,"href":"https:\/\/hosekra.com\/outlet\/wp-json\/wp\/v2\/product\/4321\/revisions\/4338"}],"wp:featuredmedia":[{"embeddable":true,"href":"https:\/\/hosekra.com\/outlet\/wp-json\/wp\/v2\/media\/4334"}],"wp:attachment":[{"href":"https:\/\/hosekra.com\/outlet\/wp-json\/wp\/v2\/media?parent=4321"}],"wp:term":[{"taxonomy":"product_brand","embeddable":true,"href":"https:\/\/hosekra.com\/outlet\/wp-json\/wp\/v2\/product_brand?post=4321"},{"taxonomy":"product_cat","embeddable":true,"href":"https:\/\/hosekra.com\/outlet\/wp-json\/wp\/v2\/product_cat?post=4321"},{"taxonomy":"product_tag","embeddable":true,"href":"https:\/\/hosekra.com\/outlet\/wp-json\/wp\/v2\/product_tag?post=4321"}],"curies":[{"name":"wp","href":"https:\/\/api.w.org\/{rel}","templated":true}]}}