{"id":574,"date":"2024-03-02T12:27:43","date_gmt":"2024-03-02T11:27:43","guid":{"rendered":"https:\/\/hosekra.com\/outlet\/?post_type=product&#038;p=574"},"modified":"2024-03-05T11:03:14","modified_gmt":"2024-03-05T10:03:14","slug":"stresni-panel-isodomus","status":"publish","type":"product","link":"https:\/\/hosekra.com\/outlet\/izdelek\/stresni-panel-isodomus\/","title":{"rendered":"Stre\u0161ni panel ISODOMUS"},"content":{"rendered":"<p>NOVO V PONUDBI &#8211; Isodomus sendvi\u010d panel z izolacijo za strehe, namenjen za prekrivanje stanovanjskih zgradb ali industrijskih objektov, vklju\u010denih v mestni kontekst. Idealno za stre\u0161ne kritine v novogradnjah, kot tudi za prenove ali obnove. Struktura zunanje povr\u0161ine se dobro ujame z okoli\u0161kim videzom ope\u010dnatih streh. Na voljo v dveh barvah, ope\u010dnati in ope\u010dnati antique.<\/p>\n<p>Vsa eleganca tradicionalnih oblik in privla\u010dnost klasi\u010dnih barv ter pridih starinskega zaklju\u010dnega sloja. Idealna re\u0161itev za stanovanjske, mestne, \u0161portne in zgodovinske kontekste. Oblike in barve, zaradi katerih je odli\u010dna alternativa tradicionalnim stre\u0161nim kritinam iz zidakov, ki prav tako zadovoljujejo dana\u0161nje nara\u0161\u010dajo\u010de zahteve po var\u010devanju z energijo.<\/p>\n<p>Uporablja se lahko kot stre\u0161ni element z naklonom \u2265 16% za stanovanjske objekte. Namesti se lahko na katero koli stre\u0161no konstrukcijo (leseno in\/ali kovinsko). Geometrijska konfiguracija zunanje plo\u0161\u010de poustvari obliko klasi\u010dne stre\u0161ne kritine, kar daje prijeten in eleganten videz.<\/p>\n","protected":false},"excerpt":{"rendered":"<p>NOVO V PONUDBI &#8211; Isodomus sendvi\u010d panel z izolacijo za strehe, namenjen za prekrivanje stanovanjskih zgradb ali industrijskih objektov, vklju\u010denih v mestni kontekst. Idealno za stre\u0161ne kritine v novogradnjah, kot tudi za prenove ali obnove. Struktura zunanje povr\u0161ine se dobro ujame z okoli\u0161kim videzom ope\u010dnatih streh. Na voljo v dveh barvah, ope\u010dnati in ope\u010dnati antique. [&hellip;]<\/p>\n","protected":false},"featured_media":580,"template":"","meta":{"ngg_post_thumbnail":0,"footnotes":""},"product_brand":[],"product_cat":[20],"product_tag":[],"class_list":{"0":"post-574","1":"product","2":"type-product","3":"status-publish","4":"has-post-thumbnail","6":"product_cat-strehe","8":"first","9":"onbackorder","10":"shipping-taxable","11":"purchasable","12":"product-type-simple"},"_links":{"self":[{"href":"https:\/\/hosekra.com\/outlet\/wp-json\/wp\/v2\/product\/574","targetHints":{"allow":["GET"]}}],"collection":[{"href":"https:\/\/hosekra.com\/outlet\/wp-json\/wp\/v2\/product"}],"about":[{"href":"https:\/\/hosekra.com\/outlet\/wp-json\/wp\/v2\/types\/product"}],"version-history":[{"count":0,"href":"https:\/\/hosekra.com\/outlet\/wp-json\/wp\/v2\/product\/574\/revisions"}],"wp:featuredmedia":[{"embeddable":true,"href":"https:\/\/hosekra.com\/outlet\/wp-json\/wp\/v2\/media\/580"}],"wp:attachment":[{"href":"https:\/\/hosekra.com\/outlet\/wp-json\/wp\/v2\/media?parent=574"}],"wp:term":[{"taxonomy":"product_brand","embeddable":true,"href":"https:\/\/hosekra.com\/outlet\/wp-json\/wp\/v2\/product_brand?post=574"},{"taxonomy":"product_cat","embeddable":true,"href":"https:\/\/hosekra.com\/outlet\/wp-json\/wp\/v2\/product_cat?post=574"},{"taxonomy":"product_tag","embeddable":true,"href":"https:\/\/hosekra.com\/outlet\/wp-json\/wp\/v2\/product_tag?post=574"}],"curies":[{"name":"wp","href":"https:\/\/api.w.org\/{rel}","templated":true}]}}