{"id":581,"date":"2024-03-05T11:05:00","date_gmt":"2024-03-05T10:05:00","guid":{"rendered":"https:\/\/hosekra.com\/outlet\/?post_type=product&#038;p=581"},"modified":"2024-03-05T11:15:53","modified_gmt":"2024-03-05T10:15:53","slug":"stresni-panel","status":"publish","type":"product","link":"https:\/\/hosekra.com\/outlet\/izdelek\/stresni-panel\/","title":{"rendered":"Stre\u0161ni paneli"},"content":{"rendered":"<p class=\"lead\">Trapezna kritina z izolacijo debeline od 1,5 cm pa do 15 cm . Na spodnji strani mo\u017ena za\u0161\u010dita z bitumensko lepenko, alu folijo, plo\u010devino, ki je posebej prilagojen za gospodarska poslopja. Kritina primerna za izredno blage naklone \u2013 od 3\u00b0 naprej.<\/p>\n<p>Vsi elementi iz tega sistema so dobavljivi v vseh standardnih debelinah in barvah. (od 1 do 30 delovnih dni).<\/p>\n","protected":false},"excerpt":{"rendered":"<p>Trapezna kritina z izolacijo debeline od 1,5 cm pa do 15 cm . Na spodnji strani mo\u017ena za\u0161\u010dita z bitumensko lepenko, alu folijo, plo\u010devino, ki je posebej prilagojen za gospodarska poslopja. Kritina primerna za izredno blage naklone \u2013 od 3\u00b0 naprej. Vsi elementi iz tega sistema so dobavljivi v vseh standardnih debelinah in barvah. (od [&hellip;]<\/p>\n","protected":false},"featured_media":582,"template":"","meta":{"ngg_post_thumbnail":0,"footnotes":""},"product_brand":[],"product_cat":[20],"product_tag":[],"class_list":{"0":"post-581","1":"product","2":"type-product","3":"status-publish","4":"has-post-thumbnail","6":"product_cat-strehe","8":"first","9":"onbackorder","10":"shipping-taxable","11":"purchasable","12":"product-type-simple"},"_links":{"self":[{"href":"https:\/\/hosekra.com\/outlet\/wp-json\/wp\/v2\/product\/581","targetHints":{"allow":["GET"]}}],"collection":[{"href":"https:\/\/hosekra.com\/outlet\/wp-json\/wp\/v2\/product"}],"about":[{"href":"https:\/\/hosekra.com\/outlet\/wp-json\/wp\/v2\/types\/product"}],"version-history":[{"count":0,"href":"https:\/\/hosekra.com\/outlet\/wp-json\/wp\/v2\/product\/581\/revisions"}],"wp:featuredmedia":[{"embeddable":true,"href":"https:\/\/hosekra.com\/outlet\/wp-json\/wp\/v2\/media\/582"}],"wp:attachment":[{"href":"https:\/\/hosekra.com\/outlet\/wp-json\/wp\/v2\/media?parent=581"}],"wp:term":[{"taxonomy":"product_brand","embeddable":true,"href":"https:\/\/hosekra.com\/outlet\/wp-json\/wp\/v2\/product_brand?post=581"},{"taxonomy":"product_cat","embeddable":true,"href":"https:\/\/hosekra.com\/outlet\/wp-json\/wp\/v2\/product_cat?post=581"},{"taxonomy":"product_tag","embeddable":true,"href":"https:\/\/hosekra.com\/outlet\/wp-json\/wp\/v2\/product_tag?post=581"}],"curies":[{"name":"wp","href":"https:\/\/api.w.org\/{rel}","templated":true}]}}