{"id":620,"date":"2024-03-05T12:01:31","date_gmt":"2024-03-05T11:01:31","guid":{"rendered":"https:\/\/hosekra.com\/outlet\/?post_type=product&#038;p=620"},"modified":"2024-07-12T10:55:35","modified_gmt":"2024-07-12T08:55:35","slug":"novo-fasada-piano-antracit","status":"publish","type":"product","link":"https:\/\/hosekra.com\/outlet\/izdelek\/novo-fasada-piano-antracit\/","title":{"rendered":"NOVO &#8211; Fasada Piano Antracit"},"content":{"rendered":"<p>\u0161irina prekrivanja 828 mm<br \/>\nte\u017ea cca 5 kg\/m<br \/>\ndol\u017eina med letvicami<br \/>\nvi\u0161ina 0-8200 mm do 3000 mm 20 &#8211; 40 mm<\/p>\n<p>Ve\u010d informacij o <a href=\"https:\/\/www.hosekra.com\/strehe\/fasade\/piano\/\">fasadi piano<\/a>.<\/p>\n","protected":false},"excerpt":{"rendered":"<p>\u0161irina prekrivanja 828 mm te\u017ea cca 5 kg\/m dol\u017eina med letvicami vi\u0161ina 0-8200 mm do 3000 mm 20 &#8211; 40 mm Ve\u010d informacij o fasadi piano.<\/p>\n","protected":false},"featured_media":622,"template":"","meta":{"ngg_post_thumbnail":0,"footnotes":""},"product_brand":[],"product_cat":[20],"product_tag":[],"class_list":{"0":"post-620","1":"product","2":"type-product","3":"status-publish","4":"has-post-thumbnail","6":"product_cat-strehe","8":"first","9":"onbackorder","10":"shipping-taxable","11":"purchasable","12":"product-type-simple"},"_links":{"self":[{"href":"https:\/\/hosekra.com\/outlet\/wp-json\/wp\/v2\/product\/620","targetHints":{"allow":["GET"]}}],"collection":[{"href":"https:\/\/hosekra.com\/outlet\/wp-json\/wp\/v2\/product"}],"about":[{"href":"https:\/\/hosekra.com\/outlet\/wp-json\/wp\/v2\/types\/product"}],"version-history":[{"count":0,"href":"https:\/\/hosekra.com\/outlet\/wp-json\/wp\/v2\/product\/620\/revisions"}],"wp:featuredmedia":[{"embeddable":true,"href":"https:\/\/hosekra.com\/outlet\/wp-json\/wp\/v2\/media\/622"}],"wp:attachment":[{"href":"https:\/\/hosekra.com\/outlet\/wp-json\/wp\/v2\/media?parent=620"}],"wp:term":[{"taxonomy":"product_brand","embeddable":true,"href":"https:\/\/hosekra.com\/outlet\/wp-json\/wp\/v2\/product_brand?post=620"},{"taxonomy":"product_cat","embeddable":true,"href":"https:\/\/hosekra.com\/outlet\/wp-json\/wp\/v2\/product_cat?post=620"},{"taxonomy":"product_tag","embeddable":true,"href":"https:\/\/hosekra.com\/outlet\/wp-json\/wp\/v2\/product_tag?post=620"}],"curies":[{"name":"wp","href":"https:\/\/api.w.org\/{rel}","templated":true}]}}